{"id":92,"date":"2019-03-13T13:15:20","date_gmt":"2019-03-13T11:15:20","guid":{"rendered":"https:\/\/toitoitoi.fi\/?page_id=92"},"modified":"2025-04-28T19:25:30","modified_gmt":"2025-04-28T17:25:30","slug":"maki-matti","status":"publish","type":"page","link":"https:\/\/toitoitoi.fi\/?page_id=92","title":{"rendered":"M\u00e4ki-Matin esitykset"},"content":{"rendered":"\t\t<div data-elementor-type=\"wp-page\" data-elementor-id=\"92\" class=\"elementor elementor-92\">\n\t\t\t\t\t\t<section class=\"elementor-section elementor-top-section elementor-element elementor-element-21e7d21 elementor-section-boxed elementor-section-height-default elementor-section-height-default\" data-id=\"21e7d21\" data-element_type=\"section\">\n\t\t\t\t\t\t<div class=\"elementor-container elementor-column-gap-default\">\n\t\t\t\t\t<div class=\"elementor-column elementor-col-100 elementor-top-column elementor-element elementor-element-17196b4\" data-id=\"17196b4\" data-element_type=\"column\">\n\t\t\t<div class=\"elementor-widget-wrap elementor-element-populated\">\n\t\t\t\t\t\t<div class=\"elementor-element elementor-element-87f12d5 elementor-widget elementor-widget-heading\" data-id=\"87f12d5\" data-element_type=\"widget\" data-widget_type=\"heading.default\">\n\t\t\t\t<div class=\"elementor-widget-container\">\n\t\t\t\t\t<h2 class=\"elementor-heading-title elementor-size-default\">Esitykset M\u00e4ki-Matin perhepuistossa (Oikokatu 7, Jyv\u00e4skyl\u00e4)<\/h2>\t\t\t\t<\/div>\n\t\t\t\t<\/div>\n\t\t\t\t\t<\/div>\n\t\t<\/div>\n\t\t\t\t\t<\/div>\n\t\t<\/section>\n\t\t\t\t<section class=\"elementor-section elementor-top-section elementor-element elementor-element-196e94a elementor-section-boxed elementor-section-height-default elementor-section-height-default\" data-id=\"196e94a\" data-element_type=\"section\">\n\t\t\t\t\t\t<div class=\"elementor-container elementor-column-gap-default\">\n\t\t\t\t\t<div class=\"elementor-column elementor-col-100 elementor-top-column elementor-element elementor-element-0fadfa4\" data-id=\"0fadfa4\" data-element_type=\"column\">\n\t\t\t<div class=\"elementor-widget-wrap elementor-element-populated\">\n\t\t\t\t\t\t<div class=\"elementor-element elementor-element-d4a0e81 elementor-widget elementor-widget-text-editor\" data-id=\"d4a0e81\" data-element_type=\"widget\" data-widget_type=\"text-editor.default\">\n\t\t\t\t<div class=\"elementor-widget-container\">\n\t\t\t\t\t\t\t\t\t<p style=\"text-align: center;\">3.7 klo 18.00<\/p>\n<p style=\"text-align: center;\">4.7 klo 18.00 OP-etuesitys<\/p>\n<p style=\"text-align: center;\">5.7 klo 15.00<\/p>\n<p style=\"text-align: center;\">6.7 klo 15.00 ja klo 18.00<\/p>\n<p style=\"text-align: center;\">7.7 klo 18.00<\/p>\n<p style=\"text-align: center;\">8.7 klo 18.00<\/p>\n<p style=\"text-align: center;\">11.7 klo 18.00 OP-etuesitys<\/p>\n<p style=\"text-align: center;\">12.7 klo 15.00<\/p>\n<p style=\"text-align: center;\">13.7 klo 18.00 (Loppuunmyyty)<\/p>\n<p style=\"text-align: center;\">14.7 klo 18.00 OP-etuesitys<\/p>\t\t\t\t\t\t\t\t<\/div>\n\t\t\t\t<\/div>\n\t\t\t\t\t<\/div>\n\t\t<\/div>\n\t\t\t\t\t<\/div>\n\t\t<\/section>\n\t\t\t\t<section class=\"elementor-section elementor-top-section elementor-element elementor-element-0350277 elementor-section-boxed elementor-section-height-default elementor-section-height-default\" data-id=\"0350277\" data-element_type=\"section\">\n\t\t\t\t\t\t<div class=\"elementor-container elementor-column-gap-default\">\n\t\t\t\t\t<div class=\"elementor-column elementor-col-100 elementor-top-column elementor-element elementor-element-f72d0ec\" data-id=\"f72d0ec\" data-element_type=\"column\">\n\t\t\t<div class=\"elementor-widget-wrap elementor-element-populated\">\n\t\t\t\t\t\t<div class=\"elementor-element elementor-element-c9fa427 elementor-widget elementor-widget-heading\" data-id=\"c9fa427\" data-element_type=\"widget\" data-widget_type=\"heading.default\">\n\t\t\t\t<div class=\"elementor-widget-container\">\n\t\t\t\t\t<h2 class=\"elementor-heading-title elementor-size-default\">Varausohjeet M\u00e4ki-Matin perhepuistoon<\/h2>\t\t\t\t<\/div>\n\t\t\t\t<\/div>\n\t\t\t\t\t<\/div>\n\t\t<\/div>\n\t\t\t\t\t<\/div>\n\t\t<\/section>\n\t\t\t\t<section class=\"elementor-section elementor-top-section elementor-element elementor-element-a023904 elementor-section-boxed elementor-section-height-default elementor-section-height-default\" data-id=\"a023904\" data-element_type=\"section\">\n\t\t\t\t\t\t<div class=\"elementor-container elementor-column-gap-default\">\n\t\t\t\t\t<div class=\"elementor-column elementor-col-100 elementor-top-column elementor-element elementor-element-abd5b54\" data-id=\"abd5b54\" data-element_type=\"column\">\n\t\t\t<div class=\"elementor-widget-wrap elementor-element-populated\">\n\t\t\t\t\t\t<div class=\"elementor-element elementor-element-0b65e20 elementor-widget elementor-widget-text-editor\" data-id=\"0b65e20\" data-element_type=\"widget\" data-widget_type=\"text-editor.default\">\n\t\t\t\t<div class=\"elementor-widget-container\">\n\t\t\t\t\t\t\t\t\t<p style=\"text-align: center;\">Voit hankkia lippusi etuk\u00e4teen joko puhelimitse tai WhatsApp:in kautta arkisin klo 10-13 numerosta <strong>044 231 7510<\/strong>. Lipunmyynti ovelta alkaa tuntia ennen esityst\u00e4. Lippuja on myynniss\u00e4 rajallinen m\u00e4\u00e4r\u00e4, joten nappaathan omasi hyviss\u00e4 ajoin! <\/p>\n<p style=\"text-align: center;\">\n<\/p><p style=\"text-align: center;\">OP-etuesitys -n\u00e4yt\u00f6ksiin saat lipun OP-etuhinnalla n\u00e4ytt\u00e4m\u00e4ll\u00e4 etua OP-mobiilista tai esitt\u00e4m\u00e4ll\u00e4 omistaja-asiakas -tekstill\u00e4 varustetun OP-maksukortin.<\/p>\n<p style=\"text-align: center;\"><!-- \/wp:paragraph --><\/p>\n<p style=\"text-align: center;\"><!-- wp:paragraph --><\/p>\n<p style=\"text-align: center;\">\n<\/p><p style=\"text-align: center;\">Yll\u00e4 olevat esitykset ovat M\u00e4ki-Matin perhepuistossa (Oikokatu 7, Jyv\u00e4skyl\u00e4). Katsomo on esteet\u00f6n. Ilmoitathan py\u00f6r\u00e4tuolipaikasta numeroon 044 231 7510.<\/p>\n<p><\/p>\n<p style=\"text-align: center;\"><strong>Huomioithan, ett\u00e4 t\u00e4n\u00e4 kes\u00e4n\u00e4 Saapasjalkakissa-esityksi\u00e4 on sek\u00e4 M\u00e4ki-Matin perhepuistossa, ett\u00e4 Niittyahon tilalla Muuramessa.<\/strong> Varausohjeet poikkeavat esityspaikkojen v\u00e4lill\u00e4, joten muistathan tarkistaa ohjeet sivuiltamme, sek\u00e4 katsoa tarkasti, kummassa paikassa kyseinen esitys j\u00e4rjestet\u00e4\u00e4n. Vastauksia usein kysyttyihin kysymyksiin liittyen lippuihin l\u00f6yd\u00e4t <a href=\"https:\/\/toitoitoi.fi\/?page_id=1291\">t\u00e4\u00e4lt\u00e4<\/a>. Tervetuloa!<\/p>\n<div style=\"text-align: center;\">&nbsp;<\/div>\t\t\t\t\t\t\t\t<\/div>\n\t\t\t\t<\/div>\n\t\t\t\t\t<\/div>\n\t\t<\/div>\n\t\t\t\t\t<\/div>\n\t\t<\/section>\n\t\t\t\t<\/div>\n\t\t","protected":false},"excerpt":{"rendered":"<p>Esitykset M\u00e4ki-Matin perhepuistossa (Oikokatu 7, Jyv\u00e4skyl\u00e4) 3.7 klo 18.00 4.7 klo 18.00 OP-etuesitys 5.7 klo 15.00 6.7 klo 15.00 ja klo 18.00 7.7 klo 18.00 8.7 klo 18.00 11.7 klo 18.00 OP-etuesitys 12.7 klo 15.00 13.7 klo 18.00 (Loppuunmyyty) 14.7 klo 18.00 OP-etuesitys Varausohjeet M\u00e4ki-Matin perhepuistoon Voit hankkia lippusi etuk\u00e4teen joko puhelimitse tai WhatsApp:in kautta [&hellip;]<\/p>\n","protected":false},"author":1,"featured_media":0,"parent":0,"menu_order":0,"comment_status":"closed","ping_status":"closed","template":"","meta":{"footnotes":""},"aioseo_notices":[],"_links":{"self":[{"href":"https:\/\/toitoitoi.fi\/index.php?rest_route=\/wp\/v2\/pages\/92"}],"collection":[{"href":"https:\/\/toitoitoi.fi\/index.php?rest_route=\/wp\/v2\/pages"}],"about":[{"href":"https:\/\/toitoitoi.fi\/index.php?rest_route=\/wp\/v2\/types\/page"}],"author":[{"embeddable":true,"href":"https:\/\/toitoitoi.fi\/index.php?rest_route=\/wp\/v2\/users\/1"}],"replies":[{"embeddable":true,"href":"https:\/\/toitoitoi.fi\/index.php?rest_route=%2Fwp%2Fv2%2Fcomments&post=92"}],"version-history":[{"count":100,"href":"https:\/\/toitoitoi.fi\/index.php?rest_route=\/wp\/v2\/pages\/92\/revisions"}],"predecessor-version":[{"id":1398,"href":"https:\/\/toitoitoi.fi\/index.php?rest_route=\/wp\/v2\/pages\/92\/revisions\/1398"}],"wp:attachment":[{"href":"https:\/\/toitoitoi.fi\/index.php?rest_route=%2Fwp%2Fv2%2Fmedia&parent=92"}],"curies":[{"name":"wp","href":"https:\/\/api.w.org\/{rel}","templated":true}]}}