{"id":786,"date":"2020-06-26T11:34:51","date_gmt":"2020-06-26T09:34:51","guid":{"rendered":"https:\/\/toitoitoi.fi\/?page_id=786"},"modified":"2025-04-28T20:02:11","modified_gmt":"2025-04-28T18:02:11","slug":"medialle","status":"publish","type":"page","link":"https:\/\/toitoitoi.fi\/?page_id=786","title":{"rendered":"Medialle"},"content":{"rendered":"\t\t<div data-elementor-type=\"wp-page\" data-elementor-id=\"786\" class=\"elementor elementor-786\">\n\t\t\t\t\t\t<section class=\"elementor-section elementor-top-section elementor-element elementor-element-5801701 elementor-section-boxed elementor-section-height-default elementor-section-height-default\" data-id=\"5801701\" data-element_type=\"section\">\n\t\t\t\t\t\t<div class=\"elementor-container elementor-column-gap-default\">\n\t\t\t\t\t<div class=\"elementor-column elementor-col-33 elementor-top-column elementor-element elementor-element-ae22c0b\" data-id=\"ae22c0b\" data-element_type=\"column\">\n\t\t\t<div class=\"elementor-widget-wrap elementor-element-populated\">\n\t\t\t\t\t\t<div class=\"elementor-element elementor-element-42180aa elementor-widget elementor-widget-image\" data-id=\"42180aa\" data-element_type=\"widget\" data-widget_type=\"image.default\">\n\t\t\t\t<div class=\"elementor-widget-container\">\n\t\t\t\t\t\t\t\t\t\t\t\t<figure class=\"wp-caption\">\n\t\t\t\t\t\t\t\t\t\t<img fetchpriority=\"high\" decoding=\"async\" width=\"640\" height=\"874\" src=\"https:\/\/toitoitoi.fi\/wp-content\/uploads\/2025\/04\/SJK_144310-4-750x1024.jpg\" class=\"attachment-large size-large wp-image-1406\" alt=\"\" srcset=\"https:\/\/toitoitoi.fi\/wp-content\/uploads\/2025\/04\/SJK_144310-4-750x1024.jpg 750w, https:\/\/toitoitoi.fi\/wp-content\/uploads\/2025\/04\/SJK_144310-4-220x300.jpg 220w, https:\/\/toitoitoi.fi\/wp-content\/uploads\/2025\/04\/SJK_144310-4-768x1049.jpg 768w, https:\/\/toitoitoi.fi\/wp-content\/uploads\/2025\/04\/SJK_144310-4-1124x1536.jpg 1124w, https:\/\/toitoitoi.fi\/wp-content\/uploads\/2025\/04\/SJK_144310-4-1499x2048.jpg 1499w, https:\/\/toitoitoi.fi\/wp-content\/uploads\/2025\/04\/SJK_144310-4-scaled.jpg 1874w\" sizes=\"(max-width: 640px) 100vw, 640px\" \/>\t\t\t\t\t\t\t\t\t\t\t<figcaption class=\"widget-image-caption wp-caption-text\">Kuva: Studio Woudin<\/figcaption>\n\t\t\t\t\t\t\t\t\t\t<\/figure>\n\t\t\t\t\t\t\t\t\t<\/div>\n\t\t\t\t<\/div>\n\t\t\t\t\t<\/div>\n\t\t<\/div>\n\t\t\t\t<div class=\"elementor-column elementor-col-33 elementor-top-column elementor-element elementor-element-284af9d\" data-id=\"284af9d\" data-element_type=\"column\">\n\t\t\t<div class=\"elementor-widget-wrap elementor-element-populated\">\n\t\t\t\t\t\t<div class=\"elementor-element elementor-element-be1a080 elementor-widget elementor-widget-image\" data-id=\"be1a080\" data-element_type=\"widget\" data-widget_type=\"image.default\">\n\t\t\t\t<div class=\"elementor-widget-container\">\n\t\t\t\t\t\t\t\t\t\t\t\t<figure class=\"wp-caption\">\n\t\t\t\t\t\t\t\t\t\t<img decoding=\"async\" width=\"640\" height=\"962\" src=\"https:\/\/toitoitoi.fi\/wp-content\/uploads\/2025\/04\/SJK_143818-681x1024.jpg\" class=\"attachment-large size-large wp-image-1391\" alt=\"\" srcset=\"https:\/\/toitoitoi.fi\/wp-content\/uploads\/2025\/04\/SJK_143818-681x1024.jpg 681w, https:\/\/toitoitoi.fi\/wp-content\/uploads\/2025\/04\/SJK_143818-200x300.jpg 200w, https:\/\/toitoitoi.fi\/wp-content\/uploads\/2025\/04\/SJK_143818-768x1154.jpg 768w, https:\/\/toitoitoi.fi\/wp-content\/uploads\/2025\/04\/SJK_143818-1022x1536.jpg 1022w, https:\/\/toitoitoi.fi\/wp-content\/uploads\/2025\/04\/SJK_143818-1363x2048.jpg 1363w, https:\/\/toitoitoi.fi\/wp-content\/uploads\/2025\/04\/SJK_143818-scaled.jpg 1703w\" sizes=\"(max-width: 640px) 100vw, 640px\" \/>\t\t\t\t\t\t\t\t\t\t\t<figcaption class=\"widget-image-caption wp-caption-text\">Kuva: Studio Woudin<\/figcaption>\n\t\t\t\t\t\t\t\t\t\t<\/figure>\n\t\t\t\t\t\t\t\t\t<\/div>\n\t\t\t\t<\/div>\n\t\t\t\t\t<\/div>\n\t\t<\/div>\n\t\t\t\t<div class=\"elementor-column elementor-col-33 elementor-top-column elementor-element elementor-element-53363d4\" data-id=\"53363d4\" data-element_type=\"column\">\n\t\t\t<div class=\"elementor-widget-wrap elementor-element-populated\">\n\t\t\t\t\t\t<div class=\"elementor-element elementor-element-e188498 elementor-widget elementor-widget-image\" data-id=\"e188498\" data-element_type=\"widget\" data-widget_type=\"image.default\">\n\t\t\t\t<div class=\"elementor-widget-container\">\n\t\t\t\t\t\t\t\t\t\t\t\t<figure class=\"wp-caption\">\n\t\t\t\t\t\t\t\t\t\t<img decoding=\"async\" width=\"640\" height=\"962\" src=\"https:\/\/toitoitoi.fi\/wp-content\/uploads\/2025\/04\/SJK_151318-681x1024.jpg\" class=\"attachment-large size-large wp-image-1407\" alt=\"\" srcset=\"https:\/\/toitoitoi.fi\/wp-content\/uploads\/2025\/04\/SJK_151318-681x1024.jpg 681w, https:\/\/toitoitoi.fi\/wp-content\/uploads\/2025\/04\/SJK_151318-200x300.jpg 200w, https:\/\/toitoitoi.fi\/wp-content\/uploads\/2025\/04\/SJK_151318-768x1154.jpg 768w, https:\/\/toitoitoi.fi\/wp-content\/uploads\/2025\/04\/SJK_151318-1022x1536.jpg 1022w, https:\/\/toitoitoi.fi\/wp-content\/uploads\/2025\/04\/SJK_151318-1363x2048.jpg 1363w, https:\/\/toitoitoi.fi\/wp-content\/uploads\/2025\/04\/SJK_151318-scaled.jpg 1703w\" sizes=\"(max-width: 640px) 100vw, 640px\" \/>\t\t\t\t\t\t\t\t\t\t\t<figcaption class=\"widget-image-caption wp-caption-text\">Kuva: Studio Woudin<\/figcaption>\n\t\t\t\t\t\t\t\t\t\t<\/figure>\n\t\t\t\t\t\t\t\t\t<\/div>\n\t\t\t\t<\/div>\n\t\t\t\t\t<\/div>\n\t\t<\/div>\n\t\t\t\t\t<\/div>\n\t\t<\/section>\n\t\t\t\t<section class=\"elementor-section elementor-top-section elementor-element elementor-element-581c3bd elementor-section-boxed elementor-section-height-default elementor-section-height-default\" data-id=\"581c3bd\" data-element_type=\"section\">\n\t\t\t\t\t\t<div class=\"elementor-container elementor-column-gap-default\">\n\t\t\t\t\t<div class=\"elementor-column elementor-col-100 elementor-top-column elementor-element elementor-element-dc3430c\" data-id=\"dc3430c\" data-element_type=\"column\">\n\t\t\t<div class=\"elementor-widget-wrap elementor-element-populated\">\n\t\t\t\t\t\t<div class=\"elementor-element elementor-element-71997c4 elementor-arrows-position-inside elementor-pagination-position-outside elementor-widget elementor-widget-image-carousel\" data-id=\"71997c4\" data-element_type=\"widget\" data-settings=\"{&quot;navigation&quot;:&quot;both&quot;,&quot;autoplay&quot;:&quot;yes&quot;,&quot;pause_on_hover&quot;:&quot;yes&quot;,&quot;pause_on_interaction&quot;:&quot;yes&quot;,&quot;autoplay_speed&quot;:5000,&quot;infinite&quot;:&quot;yes&quot;,&quot;speed&quot;:500}\" data-widget_type=\"image-carousel.default\">\n\t\t\t\t<div class=\"elementor-widget-container\">\n\t\t\t\t\t\t\t<div class=\"elementor-image-carousel-wrapper swiper\" role=\"region\" aria-roledescription=\"carousel\" aria-label=\"Kuvakaruselli\" dir=\"ltr\">\n\t\t\t<div class=\"elementor-image-carousel swiper-wrapper\" aria-live=\"off\">\n\t\t\t\t\t\t\t\t<div class=\"swiper-slide\" role=\"group\" aria-roledescription=\"slide\" aria-label=\"1 of 6\"><figure class=\"swiper-slide-inner\"><img decoding=\"async\" class=\"swiper-slide-image\" src=\"https:\/\/toitoitoi.fi\/wp-content\/uploads\/2024\/06\/SW_20240619_102001B-1024x681.jpg\" alt=\"Mimmi Lehm\u00e4 ja Varis -n\u00e4ytelm\u00e4, kuva: Studio Woudin\" \/><\/figure><\/div><div class=\"swiper-slide\" role=\"group\" aria-roledescription=\"slide\" aria-label=\"2 of 6\"><figure class=\"swiper-slide-inner\"><img decoding=\"async\" class=\"swiper-slide-image\" src=\"https:\/\/toitoitoi.fi\/wp-content\/uploads\/2024\/06\/SW_20240619_102053-1024x1024.jpg\" alt=\"Mimmi Lehm\u00e4 ja Varis -n\u00e4ytelm\u00e4, kuva: Studio Woudin\" \/><\/figure><\/div><div class=\"swiper-slide\" role=\"group\" aria-roledescription=\"slide\" aria-label=\"3 of 6\"><figure class=\"swiper-slide-inner\"><img decoding=\"async\" class=\"swiper-slide-image\" src=\"https:\/\/toitoitoi.fi\/wp-content\/uploads\/2024\/06\/SW_20240619_103346-1024x681.jpg\" alt=\"Mimmi Lehm\u00e4 ja Varis -n\u00e4ytelm\u00e4, kuva: Studio Woudin\" \/><\/figure><\/div><div class=\"swiper-slide\" role=\"group\" aria-roledescription=\"slide\" aria-label=\"4 of 6\"><figure class=\"swiper-slide-inner\"><img decoding=\"async\" class=\"swiper-slide-image\" src=\"https:\/\/toitoitoi.fi\/wp-content\/uploads\/2024\/06\/SW_20240619_103459B-1024x819.jpg\" alt=\"Mimmi Lehm\u00e4 ja Varis -n\u00e4ytelm\u00e4, kuva: Studio Woudin\" \/><\/figure><\/div><div class=\"swiper-slide\" role=\"group\" aria-roledescription=\"slide\" aria-label=\"5 of 6\"><figure class=\"swiper-slide-inner\"><img decoding=\"async\" class=\"swiper-slide-image\" src=\"https:\/\/toitoitoi.fi\/wp-content\/uploads\/2024\/06\/SW_20240619_105906B-1024x683.jpg\" alt=\"Mimmi Lehm\u00e4 ja Varis -n\u00e4ytelm\u00e4, kuva: Studio Woudin\" \/><\/figure><\/div><div class=\"swiper-slide\" role=\"group\" aria-roledescription=\"slide\" aria-label=\"6 of 6\"><figure class=\"swiper-slide-inner\"><img decoding=\"async\" class=\"swiper-slide-image\" src=\"https:\/\/toitoitoi.fi\/wp-content\/uploads\/2024\/06\/SW_20240619_110102-1024x681.jpg\" alt=\"Mimmi Lehm\u00e4 ja Varis -n\u00e4ytelm\u00e4, kuva: Studio Woudin\" \/><\/figure><\/div>\t\t\t<\/div>\n\t\t\t\t\t\t\t\t\t\t\t\t<div class=\"elementor-swiper-button elementor-swiper-button-prev\" role=\"button\" tabindex=\"0\">\n\t\t\t\t\t\t<i aria-hidden=\"true\" class=\"eicon-chevron-left\"><\/i>\t\t\t\t\t<\/div>\n\t\t\t\t\t<div class=\"elementor-swiper-button elementor-swiper-button-next\" role=\"button\" tabindex=\"0\">\n\t\t\t\t\t\t<i aria-hidden=\"true\" class=\"eicon-chevron-right\"><\/i>\t\t\t\t\t<\/div>\n\t\t\t\t\n\t\t\t\t\t\t\t\t\t<div class=\"swiper-pagination\"><\/div>\n\t\t\t\t\t\t\t\t\t<\/div>\n\t\t\t\t\t\t<\/div>\n\t\t\t\t<\/div>\n\t\t\t\t<div class=\"elementor-element elementor-element-c916eac elementor-widget elementor-widget-text-editor\" data-id=\"c916eac\" data-element_type=\"widget\" data-widget_type=\"text-editor.default\">\n\t\t\t\t<div class=\"elementor-widget-container\">\n\t\t\t\t\t\t\t\t\t<p style=\"text-align: center;\">Kuvat: Studio Woudin<\/p>\t\t\t\t\t\t\t\t<\/div>\n\t\t\t\t<\/div>\n\t\t\t\t\t<\/div>\n\t\t<\/div>\n\t\t\t\t\t<\/div>\n\t\t<\/section>\n\t\t\t\t<section class=\"elementor-section elementor-top-section elementor-element elementor-element-80a5405 elementor-section-boxed elementor-section-height-default elementor-section-height-default\" data-id=\"80a5405\" data-element_type=\"section\">\n\t\t\t\t\t\t<div class=\"elementor-container elementor-column-gap-default\">\n\t\t\t\t\t<div class=\"elementor-column elementor-col-100 elementor-top-column elementor-element elementor-element-361e0f4\" data-id=\"361e0f4\" data-element_type=\"column\">\n\t\t\t<div class=\"elementor-widget-wrap elementor-element-populated\">\n\t\t\t\t\t\t<div class=\"elementor-element elementor-element-a0c415b elementor-widget elementor-widget-image\" data-id=\"a0c415b\" data-element_type=\"widget\" data-widget_type=\"image.default\">\n\t\t\t\t<div class=\"elementor-widget-container\">\n\t\t\t\t\t\t\t\t\t\t\t\t\t\t\t<img loading=\"lazy\" decoding=\"async\" width=\"640\" height=\"512\" src=\"https:\/\/toitoitoi.fi\/wp-content\/uploads\/2024\/04\/MiVa_131049_rajattu-1024x819.jpg\" class=\"attachment-large size-large wp-image-1278\" alt=\"\" srcset=\"https:\/\/toitoitoi.fi\/wp-content\/uploads\/2024\/04\/MiVa_131049_rajattu-1024x819.jpg 1024w, https:\/\/toitoitoi.fi\/wp-content\/uploads\/2024\/04\/MiVa_131049_rajattu-300x240.jpg 300w, https:\/\/toitoitoi.fi\/wp-content\/uploads\/2024\/04\/MiVa_131049_rajattu-768x615.jpg 768w, https:\/\/toitoitoi.fi\/wp-content\/uploads\/2024\/04\/MiVa_131049_rajattu-1536x1229.jpg 1536w, https:\/\/toitoitoi.fi\/wp-content\/uploads\/2024\/04\/MiVa_131049_rajattu-2048x1639.jpg 2048w\" sizes=\"(max-width: 640px) 100vw, 640px\" \/>\t\t\t\t\t\t\t\t\t\t\t\t\t\t\t<\/div>\n\t\t\t\t<\/div>\n\t\t\t\t<div class=\"elementor-element elementor-element-1580699 elementor-widget elementor-widget-text-editor\" data-id=\"1580699\" data-element_type=\"widget\" data-widget_type=\"text-editor.default\">\n\t\t\t\t<div class=\"elementor-widget-container\">\n\t\t\t\t\t\t\t\t\t<p style=\"text-align: center;\">Kuva: Studio Woudin<\/p>\t\t\t\t\t\t\t\t<\/div>\n\t\t\t\t<\/div>\n\t\t\t\t\t<\/div>\n\t\t<\/div>\n\t\t\t\t\t<\/div>\n\t\t<\/section>\n\t\t\t\t<section class=\"elementor-section elementor-top-section elementor-element elementor-element-67cc65c4 elementor-section-boxed elementor-section-height-default elementor-section-height-default\" data-id=\"67cc65c4\" data-element_type=\"section\">\n\t\t\t\t\t\t<div class=\"elementor-container elementor-column-gap-default\">\n\t\t\t\t\t<div class=\"elementor-column elementor-col-100 elementor-top-column elementor-element elementor-element-2278a4b0\" data-id=\"2278a4b0\" data-element_type=\"column\">\n\t\t\t<div class=\"elementor-widget-wrap elementor-element-populated\">\n\t\t\t\t\t\t<div class=\"elementor-element elementor-element-1cae1d22 elementor-widget elementor-widget-text-editor\" data-id=\"1cae1d22\" data-element_type=\"widget\" data-widget_type=\"text-editor.default\">\n\t\t\t\t<div class=\"elementor-widget-container\">\n\t\t\t\t\t\t\t\t\t\n<figure class=\"wp-block-gallery columns-1 wp-block-gallery-2 is-layout-flex wp-block-gallery-is-layout-flex\"><ul class=\"blocks-gallery-grid\"><li class=\"blocks-gallery-item\"><figure><img loading=\"lazy\" decoding=\"async\" width=\"2000\" height=\"1335\" src=\"https:\/\/toitoitoi.fi\/wp-content\/uploads\/2021\/07\/810_2770.jpg\" alt=\"\" data-id=\"892\" data-full-url=\"https:\/\/toitoitoi.fi\/wp-content\/uploads\/2021\/07\/810_2770.jpg\" data-link=\"https:\/\/toitoitoi.fi\/?attachment_id=892\" class=\"wp-image-892\" srcset=\"https:\/\/toitoitoi.fi\/wp-content\/uploads\/2021\/07\/810_2770.jpg 2000w, https:\/\/toitoitoi.fi\/wp-content\/uploads\/2021\/07\/810_2770-300x200.jpg 300w, https:\/\/toitoitoi.fi\/wp-content\/uploads\/2021\/07\/810_2770-1024x684.jpg 1024w, https:\/\/toitoitoi.fi\/wp-content\/uploads\/2021\/07\/810_2770-768x513.jpg 768w, https:\/\/toitoitoi.fi\/wp-content\/uploads\/2021\/07\/810_2770-1536x1025.jpg 1536w\" sizes=\"(max-width: 2000px) 100vw, 2000px\" \/><\/figure><\/li><li class=\"blocks-gallery-item\"><figure><img loading=\"lazy\" decoding=\"async\" width=\"2000\" height=\"1335\" src=\"https:\/\/toitoitoi.fi\/wp-content\/uploads\/2021\/07\/810_2762.jpg\" alt=\"\" data-id=\"893\" data-full-url=\"https:\/\/toitoitoi.fi\/wp-content\/uploads\/2021\/07\/810_2762.jpg\" data-link=\"https:\/\/toitoitoi.fi\/?attachment_id=893\" class=\"wp-image-893\" srcset=\"https:\/\/toitoitoi.fi\/wp-content\/uploads\/2021\/07\/810_2762.jpg 2000w, https:\/\/toitoitoi.fi\/wp-content\/uploads\/2021\/07\/810_2762-300x200.jpg 300w, https:\/\/toitoitoi.fi\/wp-content\/uploads\/2021\/07\/810_2762-1024x684.jpg 1024w, https:\/\/toitoitoi.fi\/wp-content\/uploads\/2021\/07\/810_2762-768x513.jpg 768w, https:\/\/toitoitoi.fi\/wp-content\/uploads\/2021\/07\/810_2762-1536x1025.jpg 1536w\" sizes=\"(max-width: 2000px) 100vw, 2000px\" \/><\/figure><\/li><li class=\"blocks-gallery-item\"><figure><img loading=\"lazy\" decoding=\"async\" width=\"2000\" height=\"1335\" src=\"https:\/\/toitoitoi.fi\/wp-content\/uploads\/2021\/07\/810_2759.jpg\" alt=\"\" data-id=\"895\" data-full-url=\"https:\/\/toitoitoi.fi\/wp-content\/uploads\/2021\/07\/810_2759.jpg\" data-link=\"https:\/\/toitoitoi.fi\/?attachment_id=895\" class=\"wp-image-895\" srcset=\"https:\/\/toitoitoi.fi\/wp-content\/uploads\/2021\/07\/810_2759.jpg 2000w, https:\/\/toitoitoi.fi\/wp-content\/uploads\/2021\/07\/810_2759-300x200.jpg 300w, https:\/\/toitoitoi.fi\/wp-content\/uploads\/2021\/07\/810_2759-1024x684.jpg 1024w, https:\/\/toitoitoi.fi\/wp-content\/uploads\/2021\/07\/810_2759-768x513.jpg 768w, https:\/\/toitoitoi.fi\/wp-content\/uploads\/2021\/07\/810_2759-1536x1025.jpg 1536w\" sizes=\"(max-width: 2000px) 100vw, 2000px\" \/><\/figure><\/li><\/ul><figcaption class=\"blocks-gallery-caption\">Kuvat: Jaakko Manninen<br>K\u00e4ytt\u00e4ess\u00e4si kuvia muistathan mainita aina kuvaajan nimen. Kiitos!<\/figcaption><\/figure>\n\t\t\t\t\t\t\t\t<\/div>\n\t\t\t\t<\/div>\n\t\t\t\t\t<\/div>\n\t\t<\/div>\n\t\t\t\t\t<\/div>\n\t\t<\/section>\n\t\t\t\t<\/div>\n\t\t","protected":false},"excerpt":{"rendered":"<p>Kuva: Studio Woudin Kuva: Studio Woudin Kuva: Studio Woudin Kuvat: Studio Woudin Kuva: Studio Woudin<\/p>\n","protected":false},"author":1,"featured_media":0,"parent":0,"menu_order":0,"comment_status":"closed","ping_status":"closed","template":"","meta":{"footnotes":""},"aioseo_notices":[],"_links":{"self":[{"href":"https:\/\/toitoitoi.fi\/index.php?rest_route=\/wp\/v2\/pages\/786"}],"collection":[{"href":"https:\/\/toitoitoi.fi\/index.php?rest_route=\/wp\/v2\/pages"}],"about":[{"href":"https:\/\/toitoitoi.fi\/index.php?rest_route=\/wp\/v2\/types\/page"}],"author":[{"embeddable":true,"href":"https:\/\/toitoitoi.fi\/index.php?rest_route=\/wp\/v2\/users\/1"}],"replies":[{"embeddable":true,"href":"https:\/\/toitoitoi.fi\/index.php?rest_route=%2Fwp%2Fv2%2Fcomments&post=786"}],"version-history":[{"count":15,"href":"https:\/\/toitoitoi.fi\/index.php?rest_route=\/wp\/v2\/pages\/786\/revisions"}],"predecessor-version":[{"id":1411,"href":"https:\/\/toitoitoi.fi\/index.php?rest_route=\/wp\/v2\/pages\/786\/revisions\/1411"}],"wp:attachment":[{"href":"https:\/\/toitoitoi.fi\/index.php?rest_route=%2Fwp%2Fv2%2Fmedia&parent=786"}],"curies":[{"name":"wp","href":"https:\/\/api.w.org\/{rel}","templated":true}]}}