{"id":729,"date":"2020-06-05T20:17:25","date_gmt":"2020-06-05T18:17:25","guid":{"rendered":"https:\/\/toitoitoi.fi\/?page_id=729"},"modified":"2020-06-05T20:17:25","modified_gmt":"2020-06-05T18:17:25","slug":"anna-palautetta","status":"publish","type":"page","link":"https:\/\/toitoitoi.fi\/?page_id=729","title":{"rendered":"Anna palautetta!"},"content":{"rendered":"<div class=\"wpforms-container wpforms-container-full wpforms-block\" id=\"wpforms-731\"><form id=\"wpforms-form-731\" class=\"wpforms-validate wpforms-form\" data-formid=\"731\" method=\"post\" enctype=\"multipart\/form-data\" action=\"\/index.php?rest_route=%2Fwp%2Fv2%2Fpages%2F729\" data-token=\"5f511ab4b717698e844202986fad8f80\" data-token-time=\"1778158167\"><noscript class=\"wpforms-error-noscript\">Please enable JavaScript in your browser to complete this form.<\/noscript><div class=\"wpforms-field-container\"><div id=\"wpforms-731-field_0-container\" class=\"wpforms-field wpforms-field-name\" data-field-id=\"0\"><label class=\"wpforms-field-label\" for=\"wpforms-731-field_0\">Nimi <span class=\"wpforms-required-label\">*<\/span><\/label><input type=\"text\" id=\"wpforms-731-field_0\" class=\"wpforms-field-medium wpforms-field-required\" name=\"wpforms[fields][0]\" required><\/div><div id=\"wpforms-731-field_3-container\" class=\"wpforms-field wpforms-field-number-slider\" data-field-id=\"3\"><label class=\"wpforms-field-label\" for=\"wpforms-731-field_3\">Mink\u00e4 arvosanan antaisit meille asteikolla 1-5?<\/label>\n<input\n\ttype=\"range\"\n\tid=\"wpforms-731-field_3\" class=\"wpforms-field-medium\" name=\"wpforms[fields][3]\" value=\"4\"\t\tmin=\"1\"\n\tmax=\"5\"\n\tstep=\"1\">\n\n<div class=\"wpforms-field-number-slider-hint\"\n\tdata-hint=\"Arvosana: {value}\">\n\tArvosana: <b>4<\/b><\/div>\n<div class=\"wpforms-field-description\">Asteikolla 1 tarkoittaa v\u00e4ltt\u00e4v\u00e4\u00e4 ja 5 erinomaista.<\/div><\/div><div id=\"wpforms-731-field_1-container\" class=\"wpforms-field wpforms-field-email\" data-field-id=\"1\"><label class=\"wpforms-field-label\" for=\"wpforms-731-field_1\">S\u00e4hk\u00f6posti<\/label><input type=\"email\" id=\"wpforms-731-field_1\" class=\"wpforms-field-medium\" name=\"wpforms[fields][1]\" spellcheck=\"false\" ><div class=\"wpforms-field-description\">J\u00e4t\u00e4 s\u00e4hk\u00f6postiosoitteesi t\u00e4h\u00e4n, jos haluat esim. kysy\u00e4 jotain \ud83d\ude42<\/div><\/div><div id=\"wpforms-731-field_2-container\" class=\"wpforms-field wpforms-field-textarea\" data-field-id=\"2\"><label class=\"wpforms-field-label\" for=\"wpforms-731-field_2\">Mitk\u00e4 asiat teimme hyvin?   <span class=\"wpforms-required-label\">*<\/span><\/label><textarea id=\"wpforms-731-field_2\" class=\"wpforms-field-medium wpforms-field-required\" name=\"wpforms[fields][2]\" required><\/textarea><\/div><div id=\"wpforms-731-field_4-container\" class=\"wpforms-field wpforms-field-textarea\" data-field-id=\"4\"><label class=\"wpforms-field-label\" for=\"wpforms-731-field_4\">Ent\u00e4p\u00e4 miss\u00e4 voisimme viel\u00e4 parantaa? Kiitos jo etuk\u00e4teen!  <span class=\"wpforms-required-label\">*<\/span><\/label><textarea id=\"wpforms-731-field_4\" class=\"wpforms-field-medium wpforms-field-required\" name=\"wpforms[fields][4]\" required><\/textarea><\/div><\/div><!-- .wpforms-field-container --><div class=\"wpforms-field wpforms-field-hp\"><label for=\"wpforms-731-field-hp\" class=\"wpforms-field-label\">Message<\/label><input type=\"text\" name=\"wpforms[hp]\" id=\"wpforms-731-field-hp\" class=\"wpforms-field-medium\"><\/div><div class=\"wpforms-submit-container\" ><input type=\"hidden\" name=\"wpforms[id]\" value=\"731\"><input type=\"hidden\" name=\"page_title\" value=\"\"><input type=\"hidden\" name=\"page_url\" value=\"https:\/\/toitoitoi.fi\/index.php?rest_route=\/wp\/v2\/pages\/729\"><input type=\"hidden\" name=\"url_referer\" value=\"\"><button type=\"submit\" name=\"wpforms[submit]\" id=\"wpforms-submit-731\" class=\"wpforms-submit\" data-alt-text=\"L\u00e4hetet\u00e4\u00e4n...\" data-submit-text=\"L\u00e4het\u00e4\" aria-live=\"assertive\" value=\"wpforms-submit\">L\u00e4het\u00e4<\/button><\/div><\/form><\/div>  <!-- .wpforms-container -->","protected":false},"excerpt":{"rendered":"","protected":false},"author":1,"featured_media":0,"parent":0,"menu_order":0,"comment_status":"closed","ping_status":"closed","template":"","meta":{"footnotes":""},"aioseo_notices":[],"_links":{"self":[{"href":"https:\/\/toitoitoi.fi\/index.php?rest_route=\/wp\/v2\/pages\/729"}],"collection":[{"href":"https:\/\/toitoitoi.fi\/index.php?rest_route=\/wp\/v2\/pages"}],"about":[{"href":"https:\/\/toitoitoi.fi\/index.php?rest_route=\/wp\/v2\/types\/page"}],"author":[{"embeddable":true,"href":"https:\/\/toitoitoi.fi\/index.php?rest_route=\/wp\/v2\/users\/1"}],"replies":[{"embeddable":true,"href":"https:\/\/toitoitoi.fi\/index.php?rest_route=%2Fwp%2Fv2%2Fcomments&post=729"}],"version-history":[{"count":4,"href":"https:\/\/toitoitoi.fi\/index.php?rest_route=\/wp\/v2\/pages\/729\/revisions"}],"predecessor-version":[{"id":734,"href":"https:\/\/toitoitoi.fi\/index.php?rest_route=\/wp\/v2\/pages\/729\/revisions\/734"}],"wp:attachment":[{"href":"https:\/\/toitoitoi.fi\/index.php?rest_route=%2Fwp%2Fv2%2Fmedia&parent=729"}],"curies":[{"name":"wp","href":"https:\/\/api.w.org\/{rel}","templated":true}]}}