{"id":585,"date":"2019-12-21T20:20:37","date_gmt":"2019-12-21T18:20:37","guid":{"rendered":"https:\/\/toitoitoi.fi\/?page_id=585"},"modified":"2023-07-08T10:48:13","modified_gmt":"2023-07-08T08:48:13","slug":"maukka-ja-vaykka","status":"publish","type":"page","link":"https:\/\/toitoitoi.fi\/?page_id=585","title":{"rendered":"Tatu ja Patu sy\u00f6m\u00e4\u00e4n!"},"content":{"rendered":"\t\t<div data-elementor-type=\"wp-page\" data-elementor-id=\"585\" class=\"elementor elementor-585\">\n\t\t\t\t\t\t<section class=\"elementor-section elementor-top-section elementor-element elementor-element-556deaa animated-slow elementor-section-boxed elementor-section-height-default elementor-section-height-default elementor-invisible\" data-id=\"556deaa\" data-element_type=\"section\" data-settings=\"{&quot;animation&quot;:&quot;fadeIn&quot;}\">\n\t\t\t\t\t\t<div class=\"elementor-container elementor-column-gap-default\">\n\t\t\t\t\t<div class=\"elementor-column elementor-col-100 elementor-top-column elementor-element elementor-element-0a28721\" data-id=\"0a28721\" data-element_type=\"column\">\n\t\t\t<div class=\"elementor-widget-wrap\">\n\t\t\t\t\t\t\t<\/div>\n\t\t<\/div>\n\t\t\t\t\t<\/div>\n\t\t<\/section>\n\t\t\t\t<section class=\"elementor-section elementor-top-section elementor-element elementor-element-6c6bf3a elementor-section-boxed elementor-section-height-default elementor-section-height-default elementor-invisible\" data-id=\"6c6bf3a\" data-element_type=\"section\" data-settings=\"{&quot;animation&quot;:&quot;fadeIn&quot;}\">\n\t\t\t\t\t\t<div class=\"elementor-container elementor-column-gap-default\">\n\t\t\t\t\t<div class=\"elementor-column elementor-col-100 elementor-top-column elementor-element elementor-element-e33f2b9\" data-id=\"e33f2b9\" data-element_type=\"column\">\n\t\t\t<div class=\"elementor-widget-wrap elementor-element-populated\">\n\t\t\t\t\t\t<div class=\"elementor-element elementor-element-970726b elementor-widget elementor-widget-text-editor\" data-id=\"970726b\" data-element_type=\"widget\" data-widget_type=\"text-editor.default\">\n\t\t\t\t<div class=\"elementor-widget-container\">\n\t\t\t\t\t\t\t\t\t<p><img fetchpriority=\"high\" decoding=\"async\" class=\"alignnone wp-image-895 size-full\" src=\"https:\/\/toitoitoi.fi\/wp-content\/uploads\/2021\/07\/810_2759.jpg\" alt=\"\" width=\"2000\" height=\"1335\" srcset=\"https:\/\/toitoitoi.fi\/wp-content\/uploads\/2021\/07\/810_2759.jpg 2000w, https:\/\/toitoitoi.fi\/wp-content\/uploads\/2021\/07\/810_2759-300x200.jpg 300w, https:\/\/toitoitoi.fi\/wp-content\/uploads\/2021\/07\/810_2759-1024x684.jpg 1024w, https:\/\/toitoitoi.fi\/wp-content\/uploads\/2021\/07\/810_2759-768x513.jpg 768w, https:\/\/toitoitoi.fi\/wp-content\/uploads\/2021\/07\/810_2759-1536x1025.jpg 1536w\" sizes=\"(max-width: 2000px) 100vw, 2000px\" \/>Tatu ja Patu, sy\u00f6m\u00e4\u00e4n! -esitykset kes\u00e4lt\u00e4 2023 on ik\u00e4v\u00e4 kyll\u00e4 jouduttu perumaan sairastapauksen vuoksi.\u00a0<\/p><p>Kaikkiin lipun varanneisiin tai ostaneisiin ollaan yhteydess\u00e4 mahdollsiimman pian.\u00a0<\/p><p>\u00a0<\/p><p>Havukainen \u2013 Toivonen \u2013 Rannila &#8211; Hast<\/p><p><strong>TATU JA PATU, SY\u00d6M\u00c4\u00c4N!<\/strong><\/p><p><strong>\u00a0<\/strong><\/p><p><em><strong>Ty\u00f6ryhm\u00e4:<\/strong><\/em><\/p><p>Dramatisointi: Sami Rannila<\/p><p>Ohjaus: Erika Hast<\/p><p>Puvustus ja maskeeraus: Anniina Saari<\/p><p>Lavastus: ty\u00f6ryhm\u00e4<\/p><p>Tuottaja: Tarja Matilainen<\/p><p>Rooleissa Erika Hast ja Juha Valkama<\/p><p><strong><em>Perustuu Aino Havukaisen ja Sami Toivosen lastenkirjaan Tatu ja Patu, sy\u00f6m\u00e4\u00e4n!<\/em><\/strong><\/p><p><strong><em>\u00a0<\/em><\/strong><\/p><p>Kes\u00e4ll\u00e4 2023 M\u00e4ki-Matin perhepuisto muuttuu j\u00e4lleen Outolan ruoka- ja juomatieteelliseksi tutkimuskeskukseksi. Tutkijat Tatu ja Patu ovat veljekset Outolasta ja johdattavat kaikki sy\u00f6mist\u00e4, juomista tai ruokailua suunnittelevat tai jo toimintoja harrastaneet katsojat ruuan kiehtomaan maailmaan. Oletko aina sy\u00f6nyt ruokasi v\u00e4\u00e4rin? Mietitk\u00f6 p\u00e4ivitt\u00e4in, mist\u00e4 ruoka tulee ja minne se menee? T\u00e4m\u00e4 n\u00e4ytelm\u00e4 on sinulle, joka olet joskus sy\u00f6nyt tai ajatellut ruokaa. Tatu ja Patu saapuvat kes\u00e4ll\u00e4 avuksesi ja ratkaisevat kaikki sy\u00f6miseen liittyv\u00e4t mysteerit.<\/p><p>Tatu ja Patu, sy\u00f6m\u00e4\u00e4n! on musiikkipitoinen lastenn\u00e4ytelm\u00e4 ja perustuu Aino Havukaisen ja Sami Toivosen valtavan suosittuihin lastenkirjoihin. Lastenteatteri Pikku-Sohvi on jyv\u00e4skyl\u00e4l\u00e4inen pieni ammattiteatteri, joka tarjoaa laadukasta ammattiteatteria turvallisessa ja esteett\u00f6m\u00e4ss\u00e4 ymp\u00e4rist\u00f6ss\u00e4 aivan kaikille. Tatu ja Patu, sy\u00f6m\u00e4\u00e4n! on teatterin kolmas lastenteatterituotanto (Viirun ja Pesosen kes\u00e4 2019, Maukka ja V\u00e4ykk\u00e4 ja syntym\u00e4p\u00e4iv\u00e4 2020) ja nostaa teatterin ja musiikin keinoin teemoina esille paitsi kotimaisuuden, my\u00f6s vastuullisuuden ruokaa ja ainutlaatuista elinymp\u00e4rist\u00f6amme kohtaan<\/p>\t\t\t\t\t\t\t\t<\/div>\n\t\t\t\t<\/div>\n\t\t\t\t\t<\/div>\n\t\t<\/div>\n\t\t\t\t\t<\/div>\n\t\t<\/section>\n\t\t\t\t<\/div>\n\t\t","protected":false},"excerpt":{"rendered":"<p>Tatu ja Patu, sy\u00f6m\u00e4\u00e4n! -esitykset kes\u00e4lt\u00e4 2023 on ik\u00e4v\u00e4 kyll\u00e4 jouduttu perumaan sairastapauksen vuoksi.\u00a0 Kaikkiin lipun varanneisiin tai ostaneisiin ollaan yhteydess\u00e4 mahdollsiimman pian.\u00a0 \u00a0 Havukainen \u2013 Toivonen \u2013 Rannila &#8211; Hast TATU JA PATU, SY\u00d6M\u00c4\u00c4N! \u00a0 Ty\u00f6ryhm\u00e4: Dramatisointi: Sami Rannila Ohjaus: Erika Hast Puvustus ja maskeeraus: Anniina Saari Lavastus: ty\u00f6ryhm\u00e4 Tuottaja: Tarja Matilainen Rooleissa Erika [&hellip;]<\/p>\n","protected":false},"author":1,"featured_media":0,"parent":0,"menu_order":0,"comment_status":"closed","ping_status":"closed","template":"","meta":{"footnotes":""},"aioseo_notices":[],"_links":{"self":[{"href":"https:\/\/toitoitoi.fi\/index.php?rest_route=\/wp\/v2\/pages\/585"}],"collection":[{"href":"https:\/\/toitoitoi.fi\/index.php?rest_route=\/wp\/v2\/pages"}],"about":[{"href":"https:\/\/toitoitoi.fi\/index.php?rest_route=\/wp\/v2\/types\/page"}],"author":[{"embeddable":true,"href":"https:\/\/toitoitoi.fi\/index.php?rest_route=\/wp\/v2\/users\/1"}],"replies":[{"embeddable":true,"href":"https:\/\/toitoitoi.fi\/index.php?rest_route=%2Fwp%2Fv2%2Fcomments&post=585"}],"version-history":[{"count":31,"href":"https:\/\/toitoitoi.fi\/index.php?rest_route=\/wp\/v2\/pages\/585\/revisions"}],"predecessor-version":[{"id":1198,"href":"https:\/\/toitoitoi.fi\/index.php?rest_route=\/wp\/v2\/pages\/585\/revisions\/1198"}],"wp:attachment":[{"href":"https:\/\/toitoitoi.fi\/index.php?rest_route=%2Fwp%2Fv2%2Fmedia&parent=585"}],"curies":[{"name":"wp","href":"https:\/\/api.w.org\/{rel}","templated":true}]}}