{"id":574,"date":"2019-12-21T22:58:23","date_gmt":"2019-12-21T20:58:23","guid":{"rendered":"https:\/\/toitoitoi.fi\/?page_id=574"},"modified":"2022-06-22T15:19:26","modified_gmt":"2022-06-22T13:19:26","slug":"galleria-2","status":"publish","type":"page","link":"https:\/\/toitoitoi.fi\/?page_id=574","title":{"rendered":"Galleria"},"content":{"rendered":"\t\t<div data-elementor-type=\"wp-page\" data-elementor-id=\"574\" class=\"elementor elementor-574\">\n\t\t\t\t\t\t<section class=\"elementor-section elementor-top-section elementor-element elementor-element-ede9f44 elementor-section-boxed elementor-section-height-default elementor-section-height-default\" data-id=\"ede9f44\" data-element_type=\"section\">\n\t\t\t\t\t\t<div class=\"elementor-container elementor-column-gap-default\">\n\t\t\t\t\t<div class=\"elementor-column elementor-col-100 elementor-top-column elementor-element elementor-element-df79c79\" data-id=\"df79c79\" data-element_type=\"column\">\n\t\t\t<div class=\"elementor-widget-wrap elementor-element-populated\">\n\t\t\t\t\t\t<div class=\"elementor-element elementor-element-3719899 elementor-widget elementor-widget-heading\" data-id=\"3719899\" data-element_type=\"widget\" data-widget_type=\"heading.default\">\n\t\t\t\t<div class=\"elementor-widget-container\">\n\t\t\t\t\t<h2 class=\"elementor-heading-title elementor-size-default\">Tatu ja Patu sy\u00f6m\u00e4\u00e4n!<\/h2>\t\t\t\t<\/div>\n\t\t\t\t<\/div>\n\t\t\t\t\t<\/div>\n\t\t<\/div>\n\t\t\t\t\t<\/div>\n\t\t<\/section>\n\t\t\t\t<section class=\"elementor-section elementor-top-section elementor-element elementor-element-f92fede elementor-section-boxed elementor-section-height-default elementor-section-height-default\" data-id=\"f92fede\" data-element_type=\"section\">\n\t\t\t\t\t\t<div class=\"elementor-container elementor-column-gap-default\">\n\t\t\t\t\t<div class=\"elementor-column elementor-col-100 elementor-top-column elementor-element elementor-element-457a4a0\" data-id=\"457a4a0\" data-element_type=\"column\">\n\t\t\t<div class=\"elementor-widget-wrap elementor-element-populated\">\n\t\t\t\t\t\t<div class=\"elementor-element elementor-element-35b9bd5 elementor-arrows-position-inside elementor-pagination-position-outside elementor-widget elementor-widget-image-carousel\" data-id=\"35b9bd5\" data-element_type=\"widget\" data-settings=\"{&quot;slides_to_show&quot;:&quot;1&quot;,&quot;navigation&quot;:&quot;both&quot;,&quot;autoplay&quot;:&quot;yes&quot;,&quot;pause_on_hover&quot;:&quot;yes&quot;,&quot;pause_on_interaction&quot;:&quot;yes&quot;,&quot;autoplay_speed&quot;:5000,&quot;infinite&quot;:&quot;yes&quot;,&quot;effect&quot;:&quot;slide&quot;,&quot;speed&quot;:500}\" data-widget_type=\"image-carousel.default\">\n\t\t\t\t<div class=\"elementor-widget-container\">\n\t\t\t\t\t\t\t<div class=\"elementor-image-carousel-wrapper swiper\" role=\"region\" aria-roledescription=\"carousel\" aria-label=\"Kuvakaruselli\" dir=\"ltr\">\n\t\t\t<div class=\"elementor-image-carousel swiper-wrapper\" aria-live=\"off\">\n\t\t\t\t\t\t\t\t<div class=\"swiper-slide\" role=\"group\" aria-roledescription=\"slide\" aria-label=\"1 of 3\"><figure class=\"swiper-slide-inner\"><img decoding=\"async\" class=\"swiper-slide-image\" src=\"https:\/\/toitoitoi.fi\/wp-content\/uploads\/2021\/07\/810_2770-1024x684.jpg\" alt=\"Kuvaaja: Jaakko Manninen\" \/><figcaption class=\"elementor-image-carousel-caption\">Kuvaaja: Jaakko Manninen<\/figcaption><\/figure><\/div><div class=\"swiper-slide\" role=\"group\" aria-roledescription=\"slide\" aria-label=\"2 of 3\"><figure class=\"swiper-slide-inner\"><img decoding=\"async\" class=\"swiper-slide-image\" src=\"https:\/\/toitoitoi.fi\/wp-content\/uploads\/2021\/07\/810_2762-1024x684.jpg\" alt=\"Kuvaaja: Jaakko Manninen\" \/><figcaption class=\"elementor-image-carousel-caption\">Kuvaaja: Jaakko Manninen<\/figcaption><\/figure><\/div><div class=\"swiper-slide\" role=\"group\" aria-roledescription=\"slide\" aria-label=\"3 of 3\"><figure class=\"swiper-slide-inner\"><img decoding=\"async\" class=\"swiper-slide-image\" src=\"https:\/\/toitoitoi.fi\/wp-content\/uploads\/2021\/07\/810_2759-1024x684.jpg\" alt=\"Kuvaaja: Jaakko Manninen\" \/><figcaption class=\"elementor-image-carousel-caption\">Kuvaaja: Jaakko Manninen<\/figcaption><\/figure><\/div>\t\t\t<\/div>\n\t\t\t\t\t\t\t\t\t\t\t\t<div class=\"elementor-swiper-button elementor-swiper-button-prev\" role=\"button\" tabindex=\"0\">\n\t\t\t\t\t\t<i aria-hidden=\"true\" class=\"eicon-chevron-left\"><\/i>\t\t\t\t\t<\/div>\n\t\t\t\t\t<div class=\"elementor-swiper-button elementor-swiper-button-next\" role=\"button\" tabindex=\"0\">\n\t\t\t\t\t\t<i aria-hidden=\"true\" class=\"eicon-chevron-right\"><\/i>\t\t\t\t\t<\/div>\n\t\t\t\t\n\t\t\t\t\t\t\t\t\t<div class=\"swiper-pagination\"><\/div>\n\t\t\t\t\t\t\t\t\t<\/div>\n\t\t\t\t\t\t<\/div>\n\t\t\t\t<\/div>\n\t\t\t\t\t<\/div>\n\t\t<\/div>\n\t\t\t\t\t<\/div>\n\t\t<\/section>\n\t\t\t\t<section class=\"elementor-section elementor-top-section elementor-element elementor-element-300d4a2 elementor-section-boxed elementor-section-height-default elementor-section-height-default\" data-id=\"300d4a2\" data-element_type=\"section\">\n\t\t\t\t\t\t<div class=\"elementor-container elementor-column-gap-default\">\n\t\t\t\t\t<div class=\"elementor-column elementor-col-100 elementor-top-column elementor-element elementor-element-e890921\" data-id=\"e890921\" data-element_type=\"column\">\n\t\t\t<div class=\"elementor-widget-wrap elementor-element-populated\">\n\t\t\t\t\t\t<div class=\"elementor-element elementor-element-d0df78f elementor-widget elementor-widget-heading\" data-id=\"d0df78f\" data-element_type=\"widget\" data-widget_type=\"heading.default\">\n\t\t\t\t<div class=\"elementor-widget-container\">\n\t\t\t\t\t<h2 class=\"elementor-heading-title elementor-size-default\">Maukka, V\u00e4ykk\u00e4 ja syntym\u00e4p\u00e4iv\u00e4<\/h2>\t\t\t\t<\/div>\n\t\t\t\t<\/div>\n\t\t\t\t<div class=\"elementor-element elementor-element-c0cbdaa elementor-widget__width-inherit elementor-arrows-position-inside elementor-widget elementor-widget-image-carousel\" data-id=\"c0cbdaa\" data-element_type=\"widget\" data-settings=\"{&quot;slides_to_show&quot;:&quot;1&quot;,&quot;effect&quot;:&quot;fade&quot;,&quot;navigation&quot;:&quot;arrows&quot;,&quot;autoplay&quot;:&quot;yes&quot;,&quot;pause_on_hover&quot;:&quot;yes&quot;,&quot;pause_on_interaction&quot;:&quot;yes&quot;,&quot;autoplay_speed&quot;:5000,&quot;infinite&quot;:&quot;yes&quot;,&quot;speed&quot;:500}\" data-widget_type=\"image-carousel.default\">\n\t\t\t\t<div class=\"elementor-widget-container\">\n\t\t\t\t\t\t\t<div class=\"elementor-image-carousel-wrapper swiper\" role=\"region\" aria-roledescription=\"carousel\" aria-label=\"Kuvakaruselli\" dir=\"ltr\">\n\t\t\t<div class=\"elementor-image-carousel swiper-wrapper\" aria-live=\"off\">\n\t\t\t\t\t\t\t\t<div class=\"swiper-slide\" role=\"group\" aria-roledescription=\"slide\" aria-label=\"1 of 2\"><figure class=\"swiper-slide-inner\"><img decoding=\"async\" class=\"swiper-slide-image\" src=\"https:\/\/toitoitoi.fi\/wp-content\/uploads\/2020\/06\/810_4030_printti-scaled.jpg\" alt=\"Kuvat: Jaakko Manninen\" \/><figcaption class=\"elementor-image-carousel-caption\">Kuvat: Jaakko Manninen<\/figcaption><\/figure><\/div><div class=\"swiper-slide\" role=\"group\" aria-roledescription=\"slide\" aria-label=\"2 of 2\"><figure class=\"swiper-slide-inner\"><img decoding=\"async\" class=\"swiper-slide-image\" src=\"https:\/\/toitoitoi.fi\/wp-content\/uploads\/2020\/06\/810_4081_printti-scaled.jpg\" alt=\"Kuvat: Jaakko Manninen\" \/><figcaption class=\"elementor-image-carousel-caption\">Kuvat: Jaakko Manninen<\/figcaption><\/figure><\/div>\t\t\t<\/div>\n\t\t\t\t\t\t\t\t\t\t\t\t<div class=\"elementor-swiper-button elementor-swiper-button-prev\" role=\"button\" tabindex=\"0\">\n\t\t\t\t\t\t<i aria-hidden=\"true\" class=\"eicon-chevron-left\"><\/i>\t\t\t\t\t<\/div>\n\t\t\t\t\t<div class=\"elementor-swiper-button elementor-swiper-button-next\" role=\"button\" tabindex=\"0\">\n\t\t\t\t\t\t<i aria-hidden=\"true\" class=\"eicon-chevron-right\"><\/i>\t\t\t\t\t<\/div>\n\t\t\t\t\n\t\t\t\t\t\t\t\t\t<\/div>\n\t\t\t\t\t\t<\/div>\n\t\t\t\t<\/div>\n\t\t\t\t<div class=\"elementor-element elementor-element-68a2478 elementor-widget elementor-widget-spacer\" data-id=\"68a2478\" data-element_type=\"widget\" data-widget_type=\"spacer.default\">\n\t\t\t\t<div class=\"elementor-widget-container\">\n\t\t\t\t\t\t\t<div class=\"elementor-spacer\">\n\t\t\t<div class=\"elementor-spacer-inner\"><\/div>\n\t\t<\/div>\n\t\t\t\t\t\t<\/div>\n\t\t\t\t<\/div>\n\t\t\t\t\t<\/div>\n\t\t<\/div>\n\t\t\t\t\t<\/div>\n\t\t<\/section>\n\t\t\t\t<section class=\"elementor-section elementor-top-section elementor-element elementor-element-0ed8541 elementor-section-full_width elementor-section-content-middle elementor-section-height-default elementor-section-height-default elementor-invisible\" data-id=\"0ed8541\" data-element_type=\"section\" data-settings=\"{&quot;animation&quot;:&quot;fadeIn&quot;}\">\n\t\t\t\t\t\t<div class=\"elementor-container elementor-column-gap-narrow\">\n\t\t\t\t\t<div class=\"elementor-column elementor-col-100 elementor-top-column elementor-element elementor-element-0a1b38b\" data-id=\"0a1b38b\" data-element_type=\"column\">\n\t\t\t<div class=\"elementor-widget-wrap elementor-element-populated\">\n\t\t\t\t\t\t<div class=\"elementor-element elementor-element-c6aa229 elementor-widget elementor-widget-heading\" data-id=\"c6aa229\" data-element_type=\"widget\" data-widget_type=\"heading.default\">\n\t\t\t\t<div class=\"elementor-widget-container\">\n\t\t\t\t\t<h2 class=\"elementor-heading-title elementor-size-default\">Viirun ja Pesosen kes\u00e4 2019<\/h2>\t\t\t\t<\/div>\n\t\t\t\t<\/div>\n\t\t\t\t<div class=\"elementor-element elementor-element-0674de8 elementor-widget__width-inherit elementor-arrows-position-inside elementor-widget elementor-widget-image-carousel\" data-id=\"0674de8\" data-element_type=\"widget\" data-settings=\"{&quot;slides_to_show&quot;:&quot;1&quot;,&quot;effect&quot;:&quot;fade&quot;,&quot;navigation&quot;:&quot;arrows&quot;,&quot;autoplay&quot;:&quot;yes&quot;,&quot;pause_on_hover&quot;:&quot;yes&quot;,&quot;pause_on_interaction&quot;:&quot;yes&quot;,&quot;autoplay_speed&quot;:5000,&quot;infinite&quot;:&quot;yes&quot;,&quot;speed&quot;:500}\" data-widget_type=\"image-carousel.default\">\n\t\t\t\t<div class=\"elementor-widget-container\">\n\t\t\t\t\t\t\t<div class=\"elementor-image-carousel-wrapper swiper\" role=\"region\" aria-roledescription=\"carousel\" aria-label=\"Kuvakaruselli\" dir=\"ltr\">\n\t\t\t<div class=\"elementor-image-carousel swiper-wrapper\" aria-live=\"off\">\n\t\t\t\t\t\t\t\t<div class=\"swiper-slide\" role=\"group\" aria-roledescription=\"slide\" aria-label=\"1 of 7\"><figure class=\"swiper-slide-inner\"><img decoding=\"async\" class=\"swiper-slide-image\" src=\"https:\/\/toitoitoi.fi\/wp-content\/uploads\/2019\/03\/ViiruPesonen_small_191.jpg\" alt=\"Viiru ja Pesonen, 2019 (Sipriina Kauranen &amp; Aaro Vuotila). Kuva: Hanna-Kaisa H\u00e4m\u00e4l\u00e4inen\/Studio Ihmepeili\" \/><figcaption class=\"elementor-image-carousel-caption\">Viiru ja Pesonen, 2019 (Sipriina Kauranen &amp; Aaro Vuotila). Kuva: Hanna-Kaisa H\u00e4m\u00e4l\u00e4inen\/Studio Ihmepeili<\/figcaption><\/figure><\/div><div class=\"swiper-slide\" role=\"group\" aria-roledescription=\"slide\" aria-label=\"2 of 7\"><figure class=\"swiper-slide-inner\"><img decoding=\"async\" class=\"swiper-slide-image\" src=\"https:\/\/toitoitoi.fi\/wp-content\/uploads\/2019\/03\/ViiruPesonen_small_21.jpg\" alt=\"Viiru ja Pesonen, 2019 (Sipriina Kauranen &amp; Aaro Vuotila). Kuva: Hanna-Kaisa H\u00e4m\u00e4l\u00e4inen\/Studio Ihmepeili\" \/><figcaption class=\"elementor-image-carousel-caption\">Viiru ja Pesonen, 2019 (Sipriina Kauranen &amp; Aaro Vuotila). Kuva: Hanna-Kaisa H\u00e4m\u00e4l\u00e4inen\/Studio Ihmepeili<\/figcaption><\/figure><\/div><div class=\"swiper-slide\" role=\"group\" aria-roledescription=\"slide\" aria-label=\"3 of 7\"><figure class=\"swiper-slide-inner\"><img decoding=\"async\" class=\"swiper-slide-image\" src=\"https:\/\/toitoitoi.fi\/wp-content\/uploads\/2019\/03\/ViiruPesonen_small_23.jpg\" alt=\"Viiru ja Pesonen, 2019 (Sipriina Kauranen &amp; Aaro Vuotila). Kuva: Hanna-Kaisa H\u00e4m\u00e4l\u00e4inen\/Studio Ihmepeili\" \/><figcaption class=\"elementor-image-carousel-caption\">Viiru ja Pesonen, 2019 (Sipriina Kauranen &amp; Aaro Vuotila). Kuva: Hanna-Kaisa H\u00e4m\u00e4l\u00e4inen\/Studio Ihmepeili<\/figcaption><\/figure><\/div><div class=\"swiper-slide\" role=\"group\" aria-roledescription=\"slide\" aria-label=\"4 of 7\"><figure class=\"swiper-slide-inner\"><img decoding=\"async\" class=\"swiper-slide-image\" src=\"https:\/\/toitoitoi.fi\/wp-content\/uploads\/2019\/07\/ViiruPesonen_SamppaErkkil\u00e4-32.jpg\" alt=\"Viiru ja Pesonen, 2019 (Sipriina Kauranen &amp; Aaro Vuotila). Kuva: Samppa Erkkil\u00e4\" \/><figcaption class=\"elementor-image-carousel-caption\">Viiru ja Pesonen, 2019 (Sipriina Kauranen &amp; Aaro Vuotila). Kuva: Samppa Erkkil\u00e4<\/figcaption><\/figure><\/div><div class=\"swiper-slide\" role=\"group\" aria-roledescription=\"slide\" aria-label=\"5 of 7\"><figure class=\"swiper-slide-inner\"><img decoding=\"async\" class=\"swiper-slide-image\" src=\"https:\/\/toitoitoi.fi\/wp-content\/uploads\/2019\/07\/ViiruPesonen_SamppaErkkil\u00e4-12.jpg\" alt=\"Viiru ja Pesonen 2019 (Sipriina Kauranen, Aaro Vuotila &amp; Tarja Matilainen) Kuva: Samppa Erkkil\u00e4\" \/><figcaption class=\"elementor-image-carousel-caption\">Viiru ja Pesonen 2019 (Sipriina Kauranen, Aaro Vuotila &amp; Tarja Matilainen) Kuva: Samppa Erkkil\u00e4<\/figcaption><\/figure><\/div><div class=\"swiper-slide\" role=\"group\" aria-roledescription=\"slide\" aria-label=\"6 of 7\"><figure class=\"swiper-slide-inner\"><img decoding=\"async\" class=\"swiper-slide-image\" src=\"https:\/\/toitoitoi.fi\/wp-content\/uploads\/2019\/07\/ViiruPesonen_SamppaErkkil\u00e4-27.jpg\" alt=\"Viiru ja Pesonen 2019 (Sipriina Kauranen, Aaro Vuotila &amp; Tarja Matilainen). Kuva: Samppa Erkkil\u00e4\" \/><figcaption class=\"elementor-image-carousel-caption\">Viiru ja Pesonen 2019 (Sipriina Kauranen, Aaro Vuotila &amp; Tarja Matilainen). Kuva: Samppa Erkkil\u00e4<\/figcaption><\/figure><\/div><div class=\"swiper-slide\" role=\"group\" aria-roledescription=\"slide\" aria-label=\"7 of 7\"><figure class=\"swiper-slide-inner\"><img decoding=\"async\" class=\"swiper-slide-image\" src=\"https:\/\/toitoitoi.fi\/wp-content\/uploads\/2019\/07\/ViiruPesonen_SamppaErkkil\u00e4-29.jpg\" alt=\"Viiru ja Pesonen, 2019 (Sipriina Kauranen). Kuva: Samppa Erkkil\u00e4\" \/><figcaption class=\"elementor-image-carousel-caption\">Viiru ja Pesonen, 2019 (Sipriina Kauranen). Kuva: Samppa Erkkil\u00e4<\/figcaption><\/figure><\/div>\t\t\t<\/div>\n\t\t\t\t\t\t\t\t\t\t\t\t<div class=\"elementor-swiper-button elementor-swiper-button-prev\" role=\"button\" tabindex=\"0\">\n\t\t\t\t\t\t<i aria-hidden=\"true\" class=\"eicon-chevron-left\"><\/i>\t\t\t\t\t<\/div>\n\t\t\t\t\t<div class=\"elementor-swiper-button elementor-swiper-button-next\" role=\"button\" tabindex=\"0\">\n\t\t\t\t\t\t<i aria-hidden=\"true\" class=\"eicon-chevron-right\"><\/i>\t\t\t\t\t<\/div>\n\t\t\t\t\n\t\t\t\t\t\t\t\t\t<\/div>\n\t\t\t\t\t\t<\/div>\n\t\t\t\t<\/div>\n\t\t\t\t\t<\/div>\n\t\t<\/div>\n\t\t\t\t\t<\/div>\n\t\t<\/section>\n\t\t\t\t<section class=\"elementor-section elementor-top-section elementor-element elementor-element-02ec3b9 elementor-section-boxed elementor-section-height-default elementor-section-height-default\" data-id=\"02ec3b9\" data-element_type=\"section\">\n\t\t\t\t\t\t<div class=\"elementor-container elementor-column-gap-default\">\n\t\t\t\t\t<div class=\"elementor-column elementor-col-100 elementor-top-column elementor-element elementor-element-9d78abf\" data-id=\"9d78abf\" data-element_type=\"column\">\n\t\t\t<div class=\"elementor-widget-wrap elementor-element-populated\">\n\t\t\t\t\t\t<div class=\"elementor-element elementor-element-65c7b9e elementor-widget elementor-widget-heading\" data-id=\"65c7b9e\" data-element_type=\"widget\" data-widget_type=\"heading.default\">\n\t\t\t\t<div class=\"elementor-widget-container\">\n\t\t\t\t\t<h2 class=\"elementor-heading-title elementor-size-default\">Lasten lysti 2019<\/h2>\t\t\t\t<\/div>\n\t\t\t\t<\/div>\n\t\t\t\t\t<\/div>\n\t\t<\/div>\n\t\t\t\t\t<\/div>\n\t\t<\/section>\n\t\t\t\t<section class=\"elementor-section elementor-top-section elementor-element elementor-element-c9dcae0 elementor-section-full_width elementor-section-content-space-evenly elementor-section-height-default elementor-section-height-default\" data-id=\"c9dcae0\" data-element_type=\"section\">\n\t\t\t\t\t\t<div class=\"elementor-container elementor-column-gap-narrow\">\n\t\t\t\t\t<div class=\"elementor-column elementor-col-100 elementor-top-column elementor-element elementor-element-dd59c6e\" data-id=\"dd59c6e\" data-element_type=\"column\">\n\t\t\t<div class=\"elementor-widget-wrap elementor-element-populated\">\n\t\t\t\t\t\t<div class=\"elementor-element elementor-element-155a174 elementor-arrows-position-inside elementor-pagination-position-outside elementor-invisible elementor-widget elementor-widget-image-carousel\" data-id=\"155a174\" data-element_type=\"widget\" data-settings=\"{&quot;_animation&quot;:&quot;fadeIn&quot;,&quot;_animation_delay&quot;:50,&quot;navigation&quot;:&quot;both&quot;,&quot;autoplay&quot;:&quot;yes&quot;,&quot;pause_on_hover&quot;:&quot;yes&quot;,&quot;pause_on_interaction&quot;:&quot;yes&quot;,&quot;autoplay_speed&quot;:5000,&quot;infinite&quot;:&quot;yes&quot;,&quot;speed&quot;:500}\" data-widget_type=\"image-carousel.default\">\n\t\t\t\t<div class=\"elementor-widget-container\">\n\t\t\t\t\t\t\t<div class=\"elementor-image-carousel-wrapper swiper\" role=\"region\" aria-roledescription=\"carousel\" aria-label=\"Kuvakaruselli\" dir=\"ltr\">\n\t\t\t<div class=\"elementor-image-carousel swiper-wrapper swiper-image-stretch\" aria-live=\"off\">\n\t\t\t\t\t\t\t\t<div class=\"swiper-slide\" role=\"group\" aria-roledescription=\"slide\" aria-label=\"1 of 1\"><figure class=\"swiper-slide-inner\"><img decoding=\"async\" class=\"swiper-slide-image\" src=\"https:\/\/toitoitoi.fi\/wp-content\/uploads\/2019\/07\/lelujen-karnevaalit-1.jpg\" alt=\"lelujen-karnevaalit-1\" \/><\/figure><\/div>\t\t\t<\/div>\n\t\t\t\t\t<\/div>\n\t\t\t\t\t\t<\/div>\n\t\t\t\t<\/div>\n\t\t\t\t\t<\/div>\n\t\t<\/div>\n\t\t\t\t\t<\/div>\n\t\t<\/section>\n\t\t\t\t<section class=\"elementor-section elementor-top-section elementor-element elementor-element-808ef14 elementor-section-boxed elementor-section-height-default elementor-section-height-default\" data-id=\"808ef14\" data-element_type=\"section\">\n\t\t\t\t\t\t<div class=\"elementor-container elementor-column-gap-default\">\n\t\t\t\t\t<div class=\"elementor-column elementor-col-100 elementor-top-column elementor-element elementor-element-d3c381a\" data-id=\"d3c381a\" data-element_type=\"column\">\n\t\t\t<div class=\"elementor-widget-wrap elementor-element-populated\">\n\t\t\t\t\t\t<div class=\"elementor-element elementor-element-7aac686 elementor-widget elementor-widget-heading\" data-id=\"7aac686\" data-element_type=\"widget\" data-widget_type=\"heading.default\">\n\t\t\t\t<div class=\"elementor-widget-container\">\n\t\t\t\t\t<h2 class=\"elementor-heading-title elementor-size-default\">PunahilkkaROK 2022<\/h2>\t\t\t\t<\/div>\n\t\t\t\t<\/div>\n\t\t\t\t\t<\/div>\n\t\t<\/div>\n\t\t\t\t\t<\/div>\n\t\t<\/section>\n\t\t\t\t<section class=\"elementor-section elementor-top-section elementor-element elementor-element-4c6dbf9 elementor-section-boxed elementor-section-height-default elementor-section-height-default\" data-id=\"4c6dbf9\" data-element_type=\"section\">\n\t\t\t\t\t\t<div class=\"elementor-container elementor-column-gap-default\">\n\t\t\t\t\t<div class=\"elementor-column elementor-col-100 elementor-top-column elementor-element elementor-element-ca95cd0\" data-id=\"ca95cd0\" data-element_type=\"column\">\n\t\t\t<div class=\"elementor-widget-wrap elementor-element-populated\">\n\t\t\t\t\t\t<div class=\"elementor-element elementor-element-1daf573 elementor-widget elementor-widget-image\" data-id=\"1daf573\" data-element_type=\"widget\" data-widget_type=\"image.default\">\n\t\t\t\t<div class=\"elementor-widget-container\">\n\t\t\t\t\t\t\t\t\t\t\t\t\t\t\t<img fetchpriority=\"high\" decoding=\"async\" width=\"640\" height=\"427\" src=\"https:\/\/toitoitoi.fi\/wp-content\/uploads\/2022\/06\/810_2582-1024x683.jpg\" class=\"attachment-large size-large wp-image-1071\" alt=\"\" srcset=\"https:\/\/toitoitoi.fi\/wp-content\/uploads\/2022\/06\/810_2582-1024x683.jpg 1024w, https:\/\/toitoitoi.fi\/wp-content\/uploads\/2022\/06\/810_2582-300x200.jpg 300w, https:\/\/toitoitoi.fi\/wp-content\/uploads\/2022\/06\/810_2582-768x513.jpg 768w, https:\/\/toitoitoi.fi\/wp-content\/uploads\/2022\/06\/810_2582-1536x1025.jpg 1536w, https:\/\/toitoitoi.fi\/wp-content\/uploads\/2022\/06\/810_2582-2048x1367.jpg 2048w\" sizes=\"(max-width: 640px) 100vw, 640px\" \/>\t\t\t\t\t\t\t\t\t\t\t\t\t\t\t<\/div>\n\t\t\t\t<\/div>\n\t\t\t\t<div class=\"elementor-element elementor-element-d87fd19 elementor-widget elementor-widget-image\" data-id=\"d87fd19\" data-element_type=\"widget\" data-widget_type=\"image.default\">\n\t\t\t\t<div class=\"elementor-widget-container\">\n\t\t\t\t\t\t\t\t\t\t\t\t\t\t\t<img decoding=\"async\" width=\"640\" height=\"427\" src=\"https:\/\/toitoitoi.fi\/wp-content\/uploads\/2022\/06\/810_2570-1024x683.jpg\" class=\"attachment-large size-large wp-image-1070\" alt=\"\" srcset=\"https:\/\/toitoitoi.fi\/wp-content\/uploads\/2022\/06\/810_2570-1024x683.jpg 1024w, https:\/\/toitoitoi.fi\/wp-content\/uploads\/2022\/06\/810_2570-300x200.jpg 300w, https:\/\/toitoitoi.fi\/wp-content\/uploads\/2022\/06\/810_2570-768x513.jpg 768w, https:\/\/toitoitoi.fi\/wp-content\/uploads\/2022\/06\/810_2570-1536x1025.jpg 1536w, https:\/\/toitoitoi.fi\/wp-content\/uploads\/2022\/06\/810_2570-2048x1367.jpg 2048w\" sizes=\"(max-width: 640px) 100vw, 640px\" \/>\t\t\t\t\t\t\t\t\t\t\t\t\t\t\t<\/div>\n\t\t\t\t<\/div>\n\t\t\t\t<div class=\"elementor-element elementor-element-41b4872 elementor-widget elementor-widget-image\" data-id=\"41b4872\" data-element_type=\"widget\" data-widget_type=\"image.default\">\n\t\t\t\t<div class=\"elementor-widget-container\">\n\t\t\t\t\t\t\t\t\t\t\t\t\t\t\t<img decoding=\"async\" width=\"640\" height=\"427\" src=\"https:\/\/toitoitoi.fi\/wp-content\/uploads\/2022\/06\/810_2565-1024x683.jpg\" class=\"attachment-large size-large wp-image-1069\" alt=\"\" srcset=\"https:\/\/toitoitoi.fi\/wp-content\/uploads\/2022\/06\/810_2565-1024x683.jpg 1024w, https:\/\/toitoitoi.fi\/wp-content\/uploads\/2022\/06\/810_2565-300x200.jpg 300w, https:\/\/toitoitoi.fi\/wp-content\/uploads\/2022\/06\/810_2565-768x513.jpg 768w, https:\/\/toitoitoi.fi\/wp-content\/uploads\/2022\/06\/810_2565-1536x1025.jpg 1536w, https:\/\/toitoitoi.fi\/wp-content\/uploads\/2022\/06\/810_2565-2048x1367.jpg 2048w\" sizes=\"(max-width: 640px) 100vw, 640px\" \/>\t\t\t\t\t\t\t\t\t\t\t\t\t\t\t<\/div>\n\t\t\t\t<\/div>\n\t\t\t\t<div class=\"elementor-element elementor-element-513312e elementor-widget elementor-widget-image\" data-id=\"513312e\" data-element_type=\"widget\" data-widget_type=\"image.default\">\n\t\t\t\t<div class=\"elementor-widget-container\">\n\t\t\t\t\t\t\t\t\t\t\t\t\t\t\t<img loading=\"lazy\" decoding=\"async\" width=\"640\" height=\"427\" src=\"https:\/\/toitoitoi.fi\/wp-content\/uploads\/2022\/06\/810_2555-1024x683.jpg\" class=\"attachment-large size-large wp-image-1068\" alt=\"\" srcset=\"https:\/\/toitoitoi.fi\/wp-content\/uploads\/2022\/06\/810_2555-1024x683.jpg 1024w, https:\/\/toitoitoi.fi\/wp-content\/uploads\/2022\/06\/810_2555-300x200.jpg 300w, https:\/\/toitoitoi.fi\/wp-content\/uploads\/2022\/06\/810_2555-768x513.jpg 768w, https:\/\/toitoitoi.fi\/wp-content\/uploads\/2022\/06\/810_2555-1536x1025.jpg 1536w, https:\/\/toitoitoi.fi\/wp-content\/uploads\/2022\/06\/810_2555-2048x1367.jpg 2048w\" sizes=\"(max-width: 640px) 100vw, 640px\" \/>\t\t\t\t\t\t\t\t\t\t\t\t\t\t\t<\/div>\n\t\t\t\t<\/div>\n\t\t\t\t<div class=\"elementor-element elementor-element-cbc8bfa elementor-widget elementor-widget-image\" data-id=\"cbc8bfa\" data-element_type=\"widget\" data-widget_type=\"image.default\">\n\t\t\t\t<div class=\"elementor-widget-container\">\n\t\t\t\t\t\t\t\t\t\t\t\t<figure class=\"wp-caption\">\n\t\t\t\t\t\t\t\t\t\t<img loading=\"lazy\" decoding=\"async\" width=\"640\" height=\"427\" src=\"https:\/\/toitoitoi.fi\/wp-content\/uploads\/2022\/06\/810_2502-1024x683.jpg\" class=\"attachment-large size-large wp-image-1067\" alt=\"\" srcset=\"https:\/\/toitoitoi.fi\/wp-content\/uploads\/2022\/06\/810_2502-1024x683.jpg 1024w, https:\/\/toitoitoi.fi\/wp-content\/uploads\/2022\/06\/810_2502-300x200.jpg 300w, https:\/\/toitoitoi.fi\/wp-content\/uploads\/2022\/06\/810_2502-768x513.jpg 768w, https:\/\/toitoitoi.fi\/wp-content\/uploads\/2022\/06\/810_2502-1536x1025.jpg 1536w, https:\/\/toitoitoi.fi\/wp-content\/uploads\/2022\/06\/810_2502-2048x1367.jpg 2048w\" sizes=\"(max-width: 640px) 100vw, 640px\" \/>\t\t\t\t\t\t\t\t\t\t\t<figcaption class=\"widget-image-caption wp-caption-text\">Kuvissa Satu Nyqvist ja Aapo Salonen. Kuvat: Jaakko Manninen<\/figcaption>\n\t\t\t\t\t\t\t\t\t\t<\/figure>\n\t\t\t\t\t\t\t\t\t<\/div>\n\t\t\t\t<\/div>\n\t\t\t\t\t<\/div>\n\t\t<\/div>\n\t\t\t\t\t<\/div>\n\t\t<\/section>\n\t\t\t\t<\/div>\n\t\t","protected":false},"excerpt":{"rendered":"<p>Tatu ja Patu sy\u00f6m\u00e4\u00e4n! Kuvaaja: Jaakko Manninen Kuvaaja: Jaakko Manninen Kuvaaja: Jaakko Manninen Edellinen Seuraava Maukka, V\u00e4ykk\u00e4 ja syntym\u00e4p\u00e4iv\u00e4 Kuvat: Jaakko Manninen Kuvat: Jaakko Manninen Edellinen Seuraava Viirun ja Pesosen kes\u00e4 2019 Viiru ja Pesonen, 2019 (Sipriina Kauranen &amp; Aaro Vuotila). Kuva: Hanna-Kaisa H\u00e4m\u00e4l\u00e4inen\/Studio Ihmepeili Viiru ja Pesonen, 2019 (Sipriina Kauranen &amp; Aaro Vuotila). Kuva: [&hellip;]<\/p>\n","protected":false},"author":1,"featured_media":0,"parent":0,"menu_order":0,"comment_status":"closed","ping_status":"closed","template":"","meta":{"footnotes":""},"aioseo_notices":[],"_links":{"self":[{"href":"https:\/\/toitoitoi.fi\/index.php?rest_route=\/wp\/v2\/pages\/574"}],"collection":[{"href":"https:\/\/toitoitoi.fi\/index.php?rest_route=\/wp\/v2\/pages"}],"about":[{"href":"https:\/\/toitoitoi.fi\/index.php?rest_route=\/wp\/v2\/types\/page"}],"author":[{"embeddable":true,"href":"https:\/\/toitoitoi.fi\/index.php?rest_route=\/wp\/v2\/users\/1"}],"replies":[{"embeddable":true,"href":"https:\/\/toitoitoi.fi\/index.php?rest_route=%2Fwp%2Fv2%2Fcomments&post=574"}],"version-history":[{"count":29,"href":"https:\/\/toitoitoi.fi\/index.php?rest_route=\/wp\/v2\/pages\/574\/revisions"}],"predecessor-version":[{"id":1077,"href":"https:\/\/toitoitoi.fi\/index.php?rest_route=\/wp\/v2\/pages\/574\/revisions\/1077"}],"wp:attachment":[{"href":"https:\/\/toitoitoi.fi\/index.php?rest_route=%2Fwp%2Fv2%2Fmedia&parent=574"}],"curies":[{"name":"wp","href":"https:\/\/api.w.org\/{rel}","templated":true}]}}