{"id":51,"date":"2019-03-13T12:51:44","date_gmt":"2019-03-13T10:51:44","guid":{"rendered":"https:\/\/toitoitoi.fi\/?page_id=51"},"modified":"2024-04-23T11:32:26","modified_gmt":"2024-04-23T09:32:26","slug":"ota-yhteytta","status":"publish","type":"page","link":"https:\/\/toitoitoi.fi\/?page_id=51","title":{"rendered":"Ota yhteytt\u00e4!"},"content":{"rendered":"\t\t<div data-elementor-type=\"wp-page\" data-elementor-id=\"51\" class=\"elementor elementor-51\">\n\t\t\t\t\t\t<section class=\"elementor-section elementor-top-section elementor-element elementor-element-123e1e90 elementor-section-boxed elementor-section-height-default elementor-section-height-default\" data-id=\"123e1e90\" data-element_type=\"section\">\n\t\t\t\t\t\t<div class=\"elementor-container elementor-column-gap-default\">\n\t\t\t\t\t<div class=\"elementor-column elementor-col-100 elementor-top-column elementor-element elementor-element-ed8fa8a\" data-id=\"ed8fa8a\" data-element_type=\"column\">\n\t\t\t<div class=\"elementor-widget-wrap elementor-element-populated\">\n\t\t\t\t\t\t<div class=\"elementor-element elementor-element-220fa125 elementor-widget elementor-widget-text-editor\" data-id=\"220fa125\" data-element_type=\"widget\" data-widget_type=\"text-editor.default\">\n\t\t\t\t<div class=\"elementor-widget-container\">\n\t\t\t\t\t\t\t\t\t<p><\/p>\n<p>Onko sinulla jotain kysytt\u00e4v\u00e4\u00e4? Laita meille s\u00e4hk\u00f6postia osoitteeseen <strong>info(a)toitoitoi.fi<\/strong>! Asiakaspalvelumme vastaa my\u00f6s puheluihin ja WhatsApp-viesteihin arkisin klo 10-13 sek\u00e4 esitysp\u00e4ivin\u00e4 numerossa <strong> 044 231 7510<\/strong> .<\/p>\n<p><\/p>\t\t\t\t\t\t\t\t<\/div>\n\t\t\t\t<\/div>\n\t\t\t\t\t<\/div>\n\t\t<\/div>\n\t\t\t\t\t<\/div>\n\t\t<\/section>\n\t\t\t\t<\/div>\n\t\t","protected":false},"excerpt":{"rendered":"<p>Onko sinulla jotain kysytt\u00e4v\u00e4\u00e4? Laita meille s\u00e4hk\u00f6postia osoitteeseen info(a)toitoitoi.fi! Asiakaspalvelumme vastaa my\u00f6s puheluihin ja WhatsApp-viesteihin arkisin klo 10-13 sek\u00e4 esitysp\u00e4ivin\u00e4 numerossa 044 231 7510 .<\/p>\n","protected":false},"author":1,"featured_media":0,"parent":0,"menu_order":0,"comment_status":"closed","ping_status":"closed","template":"","meta":{"footnotes":""},"aioseo_notices":[],"_links":{"self":[{"href":"https:\/\/toitoitoi.fi\/index.php?rest_route=\/wp\/v2\/pages\/51"}],"collection":[{"href":"https:\/\/toitoitoi.fi\/index.php?rest_route=\/wp\/v2\/pages"}],"about":[{"href":"https:\/\/toitoitoi.fi\/index.php?rest_route=\/wp\/v2\/types\/page"}],"author":[{"embeddable":true,"href":"https:\/\/toitoitoi.fi\/index.php?rest_route=\/wp\/v2\/users\/1"}],"replies":[{"embeddable":true,"href":"https:\/\/toitoitoi.fi\/index.php?rest_route=%2Fwp%2Fv2%2Fcomments&post=51"}],"version-history":[{"count":14,"href":"https:\/\/toitoitoi.fi\/index.php?rest_route=\/wp\/v2\/pages\/51\/revisions"}],"predecessor-version":[{"id":1315,"href":"https:\/\/toitoitoi.fi\/index.php?rest_route=\/wp\/v2\/pages\/51\/revisions\/1315"}],"wp:attachment":[{"href":"https:\/\/toitoitoi.fi\/index.php?rest_route=%2Fwp%2Fv2%2Fmedia&parent=51"}],"curies":[{"name":"wp","href":"https:\/\/api.w.org\/{rel}","templated":true}]}}