{"id":359,"date":"2019-04-12T13:46:10","date_gmt":"2019-04-12T11:46:10","guid":{"rendered":"https:\/\/toitoitoi.fi\/?page_id=359"},"modified":"2024-04-23T10:42:52","modified_gmt":"2024-04-23T08:42:52","slug":"hyvantekevaisyysesitysten-sponsorit","status":"publish","type":"page","link":"https:\/\/toitoitoi.fi\/?page_id=359","title":{"rendered":"Hyv\u00e4n tekemisess\u00e4 mukana"},"content":{"rendered":"\t\t<div data-elementor-type=\"wp-page\" data-elementor-id=\"359\" class=\"elementor elementor-359\">\n\t\t\t\t\t\t<section class=\"elementor-section elementor-top-section elementor-element elementor-element-37b69efd elementor-section-boxed elementor-section-height-default elementor-section-height-default\" data-id=\"37b69efd\" data-element_type=\"section\">\n\t\t\t\t\t\t<div class=\"elementor-container elementor-column-gap-default\">\n\t\t\t\t\t<div class=\"elementor-column elementor-col-100 elementor-top-column elementor-element elementor-element-2f0a2a27\" data-id=\"2f0a2a27\" data-element_type=\"column\">\n\t\t\t<div class=\"elementor-widget-wrap elementor-element-populated\">\n\t\t\t\t\t\t<div class=\"elementor-element elementor-element-61f73ee6 elementor-widget elementor-widget-text-editor\" data-id=\"61f73ee6\" data-element_type=\"widget\" data-widget_type=\"text-editor.default\">\n\t\t\t\t<div class=\"elementor-widget-container\">\n\t\t\t\t\t\t\t\t\t<p><\/p>\n<p class=\"has-text-align-center\">J\u00e4rjest\u00e4mme yhdess\u00e4 Mannerheimin Lastensuojeluliiton (MLL) J\u00e4rvisuomen piirin ja Jyv\u00e4skyl\u00e4n paikallisyhdistyksen kanssa hyv\u00e4ntekev\u00e4isyysesitykset, jotka on suunnattu v\u00e4h\u00e4varaisille lapsiperheille. Samalla tulemme osaksi MLL:n koronakampanjaa &#8221;autetaan yhdess\u00e4&#8221;. Esitykset rahoitetaan t\u00e4ysin yrityssponsoroinnein ja kiit\u00e4mme alla olevia yrityksi\u00e4 yhteisty\u00f6st\u00e4:<\/p>\n<p><\/p>\n<p><\/p>\n<div class=\"wp-block-image\">\n<figure class=\"aligncenter\"><img fetchpriority=\"high\" decoding=\"async\" width=\"1024\" height=\"446\" class=\"wp-image-400 aligncenter\" src=\"https:\/\/toitoitoi.fi\/wp-content\/uploads\/2019\/05\/hor_cmyk_jarvisuomi-1024x446.jpg\" alt=\"\" srcset=\"https:\/\/toitoitoi.fi\/wp-content\/uploads\/2019\/05\/hor_cmyk_jarvisuomi.jpg 1024w, https:\/\/toitoitoi.fi\/wp-content\/uploads\/2019\/05\/hor_cmyk_jarvisuomi-300x131.jpg 300w, https:\/\/toitoitoi.fi\/wp-content\/uploads\/2019\/05\/hor_cmyk_jarvisuomi-768x335.jpg 768w\" sizes=\"(max-width: 1024px) 100vw, 1024px\" \/><\/figure>\n<\/div>\n<p><\/p>\n<p><\/p>\n<div class=\"wp-block-image\">\n<figure class=\"aligncenter is-resized\"><img decoding=\"async\" class=\"aligncenter\" style=\"color: var( --e-global-color-text ); font-family: var( --e-global-typography-text-font-family ), Sans-serif; font-weight: var( --e-global-typography-text-font-weight );\" src=\"https:\/\/encrypted-tbn0.gstatic.com\/images?q=tbn:ANd9GcSXoc5IHdLoWKYdgq5EuH559OI178dWp4a6Ds2y6fnb&amp;s\" alt=\"Pelastakaa Lapset ry\" \/><img decoding=\"async\" class=\"aligncenter\" src=\"https:\/\/encrypted-tbn0.gstatic.com\/images?q=tbn:ANd9GcRC_C6fYm2-JEj3zd3XTUTEsQcNFtd7s-5NvFYT0LAp&amp;s\" alt=\"OP Keski-Suomi - FC Vaajakoski\" \/><\/figure>\n<\/div>\n<p><\/p>\n<p><\/p>\n<div class=\"wp-block-image\">\n<figure class=\"aligncenter is-resized\"><img decoding=\"async\" class=\"wp-image-415 aligncenter\" src=\"https:\/\/toitoitoi.fi\/wp-content\/uploads\/2019\/05\/sohwi_logo_web1-1024x467.png\" alt=\"\" width=\"363\" height=\"165\" srcset=\"https:\/\/toitoitoi.fi\/wp-content\/uploads\/2019\/05\/sohwi_logo_web1-1024x467.png 1024w, https:\/\/toitoitoi.fi\/wp-content\/uploads\/2019\/05\/sohwi_logo_web1-300x137.png 300w, https:\/\/toitoitoi.fi\/wp-content\/uploads\/2019\/05\/sohwi_logo_web1-768x350.png 768w, https:\/\/toitoitoi.fi\/wp-content\/uploads\/2019\/05\/sohwi_logo_web1.png 1200w\" sizes=\"(max-width: 363px) 100vw, 363px\" \/><\/figure>\n<\/div>\n<p><\/p>\n<p><\/p>\n<div class=\"wp-block-image\">\n<figure class=\"aligncenter\"><img decoding=\"async\" width=\"1024\" height=\"723\" class=\"wp-image-721 aligncenter\" src=\"https:\/\/toitoitoi.fi\/wp-content\/uploads\/2020\/06\/Vanha_kunnon_kahvila-1024x723.png\" alt=\"\" srcset=\"https:\/\/toitoitoi.fi\/wp-content\/uploads\/2020\/06\/Vanha_kunnon_kahvila-1024x723.png 1024w, https:\/\/toitoitoi.fi\/wp-content\/uploads\/2020\/06\/Vanha_kunnon_kahvila-300x212.png 300w, https:\/\/toitoitoi.fi\/wp-content\/uploads\/2020\/06\/Vanha_kunnon_kahvila-768x542.png 768w, https:\/\/toitoitoi.fi\/wp-content\/uploads\/2020\/06\/Vanha_kunnon_kahvila-340x240.png 340w, https:\/\/toitoitoi.fi\/wp-content\/uploads\/2020\/06\/Vanha_kunnon_kahvila.png 1280w\" sizes=\"(max-width: 1024px) 100vw, 1024px\" \/><\/figure>\n<\/div>\n<p><\/p>\n<p><\/p>\n<div class=\"wp-block-image\">\n<figure class=\"aligncenter is-resized\"><img loading=\"lazy\" decoding=\"async\" class=\"wp-image-439 aligncenter\" src=\"https:\/\/toitoitoi.fi\/wp-content\/uploads\/2019\/05\/Jytaksi_ilman-taustaa-1024x798.png\" alt=\"\" width=\"194\" height=\"150\" srcset=\"https:\/\/toitoitoi.fi\/wp-content\/uploads\/2019\/05\/Jytaksi_ilman-taustaa-1024x798.png 1024w, https:\/\/toitoitoi.fi\/wp-content\/uploads\/2019\/05\/Jytaksi_ilman-taustaa-300x234.png 300w, https:\/\/toitoitoi.fi\/wp-content\/uploads\/2019\/05\/Jytaksi_ilman-taustaa-768x599.png 768w, https:\/\/toitoitoi.fi\/wp-content\/uploads\/2019\/05\/Jytaksi_ilman-taustaa.png 1564w\" sizes=\"(max-width: 194px) 100vw, 194px\" \/><\/figure>\n<\/div>\n<p><\/p>\n<p><\/p>\n<p><\/p>\n<p><\/p>\n<h1 class=\"has-text-color has-text-align-center wp-block-heading\" style=\"color: #657989;\"><strong>www.teiskonen.com<\/strong><\/h1>\n<p><\/p>\n<p><\/p>\n<h1 class=\"has-text-color has-text-align-center wp-block-heading\" style=\"color: #657989;\"><strong>Jyv\u00e4s Pakari<\/strong><\/h1>\n<p><\/p>\n<p><\/p>\n<p><\/p>\t\t\t\t\t\t\t\t<\/div>\n\t\t\t\t<\/div>\n\t\t\t\t\t<\/div>\n\t\t<\/div>\n\t\t\t\t\t<\/div>\n\t\t<\/section>\n\t\t\t\t<\/div>\n\t\t","protected":false},"excerpt":{"rendered":"<p>J\u00e4rjest\u00e4mme yhdess\u00e4 Mannerheimin Lastensuojeluliiton (MLL) J\u00e4rvisuomen piirin ja Jyv\u00e4skyl\u00e4n paikallisyhdistyksen kanssa hyv\u00e4ntekev\u00e4isyysesitykset, jotka on suunnattu v\u00e4h\u00e4varaisille lapsiperheille. Samalla tulemme osaksi MLL:n koronakampanjaa &#8221;autetaan yhdess\u00e4&#8221;. Esitykset rahoitetaan t\u00e4ysin yrityssponsoroinnein ja kiit\u00e4mme alla olevia yrityksi\u00e4 yhteisty\u00f6st\u00e4: www.teiskonen.com Jyv\u00e4s Pakari<\/p>\n","protected":false},"author":1,"featured_media":0,"parent":0,"menu_order":0,"comment_status":"closed","ping_status":"closed","template":"","meta":{"footnotes":""},"aioseo_notices":[],"_links":{"self":[{"href":"https:\/\/toitoitoi.fi\/index.php?rest_route=\/wp\/v2\/pages\/359"}],"collection":[{"href":"https:\/\/toitoitoi.fi\/index.php?rest_route=\/wp\/v2\/pages"}],"about":[{"href":"https:\/\/toitoitoi.fi\/index.php?rest_route=\/wp\/v2\/types\/page"}],"author":[{"embeddable":true,"href":"https:\/\/toitoitoi.fi\/index.php?rest_route=\/wp\/v2\/users\/1"}],"replies":[{"embeddable":true,"href":"https:\/\/toitoitoi.fi\/index.php?rest_route=%2Fwp%2Fv2%2Fcomments&post=359"}],"version-history":[{"count":46,"href":"https:\/\/toitoitoi.fi\/index.php?rest_route=\/wp\/v2\/pages\/359\/revisions"}],"predecessor-version":[{"id":1277,"href":"https:\/\/toitoitoi.fi\/index.php?rest_route=\/wp\/v2\/pages\/359\/revisions\/1277"}],"wp:attachment":[{"href":"https:\/\/toitoitoi.fi\/index.php?rest_route=%2Fwp%2Fv2%2Fmedia&parent=359"}],"curies":[{"name":"wp","href":"https:\/\/api.w.org\/{rel}","templated":true}]}}