{"id":162,"date":"2019-03-14T09:55:18","date_gmt":"2019-03-14T07:55:18","guid":{"rendered":"https:\/\/toitoitoi.fi\/?page_id=162"},"modified":"2024-04-25T09:09:27","modified_gmt":"2024-04-25T07:09:27","slug":"palvelut","status":"publish","type":"page","link":"https:\/\/toitoitoi.fi\/?page_id=162","title":{"rendered":"Palvelut"},"content":{"rendered":"\t\t<div data-elementor-type=\"wp-page\" data-elementor-id=\"162\" class=\"elementor elementor-162\">\n\t\t\t\t\t\t<section class=\"elementor-section elementor-top-section elementor-element elementor-element-ba812a2 elementor-section-boxed elementor-section-height-default elementor-section-height-default\" data-id=\"ba812a2\" data-element_type=\"section\">\n\t\t\t\t\t\t<div class=\"elementor-container elementor-column-gap-default\">\n\t\t\t\t\t<div class=\"elementor-column elementor-col-100 elementor-top-column elementor-element elementor-element-1b2259d\" data-id=\"1b2259d\" data-element_type=\"column\">\n\t\t\t<div class=\"elementor-widget-wrap\">\n\t\t\t\t\t\t\t<\/div>\n\t\t<\/div>\n\t\t\t\t\t<\/div>\n\t\t<\/section>\n\t\t\t\t<section class=\"elementor-section elementor-top-section elementor-element elementor-element-8e04bd8 elementor-section-boxed elementor-section-height-default elementor-section-height-default\" data-id=\"8e04bd8\" data-element_type=\"section\">\n\t\t\t\t\t\t<div class=\"elementor-container elementor-column-gap-default\">\n\t\t\t\t\t<div class=\"elementor-column elementor-col-100 elementor-top-column elementor-element elementor-element-8d3c7ca\" data-id=\"8d3c7ca\" data-element_type=\"column\">\n\t\t\t<div class=\"elementor-widget-wrap elementor-element-populated\">\n\t\t\t\t\t\t<div class=\"elementor-element elementor-element-ab9f6c5 elementor-widget elementor-widget-image\" data-id=\"ab9f6c5\" data-element_type=\"widget\" data-widget_type=\"image.default\">\n\t\t\t\t<div class=\"elementor-widget-container\">\n\t\t\t\t\t\t\t\t\t\t\t\t\t\t\t<img fetchpriority=\"high\" decoding=\"async\" width=\"640\" height=\"722\" src=\"https:\/\/toitoitoi.fi\/wp-content\/uploads\/2024\/04\/kuumia-aaltoja-908x1024.jpg\" class=\"attachment-large size-large wp-image-1261\" alt=\"\" srcset=\"https:\/\/toitoitoi.fi\/wp-content\/uploads\/2024\/04\/kuumia-aaltoja-908x1024.jpg 908w, https:\/\/toitoitoi.fi\/wp-content\/uploads\/2024\/04\/kuumia-aaltoja-266x300.jpg 266w, https:\/\/toitoitoi.fi\/wp-content\/uploads\/2024\/04\/kuumia-aaltoja-768x867.jpg 768w, https:\/\/toitoitoi.fi\/wp-content\/uploads\/2024\/04\/kuumia-aaltoja.jpg 943w\" sizes=\"(max-width: 640px) 100vw, 640px\" \/>\t\t\t\t\t\t\t\t\t\t\t\t\t\t\t<\/div>\n\t\t\t\t<\/div>\n\t\t\t\t\t<\/div>\n\t\t<\/div>\n\t\t\t\t\t<\/div>\n\t\t<\/section>\n\t\t\t\t<section class=\"elementor-section elementor-top-section elementor-element elementor-element-5c41a72b elementor-section-boxed elementor-section-height-default elementor-section-height-default\" data-id=\"5c41a72b\" data-element_type=\"section\">\n\t\t\t\t\t\t<div class=\"elementor-container elementor-column-gap-default\">\n\t\t\t\t\t<div class=\"elementor-column elementor-col-100 elementor-top-column elementor-element elementor-element-fc6394d\" data-id=\"fc6394d\" data-element_type=\"column\">\n\t\t\t<div class=\"elementor-widget-wrap elementor-element-populated\">\n\t\t\t\t\t\t<div class=\"elementor-element elementor-element-38e5ccfc elementor-widget elementor-widget-text-editor\" data-id=\"38e5ccfc\" data-element_type=\"widget\" data-widget_type=\"text-editor.default\">\n\t\t\t\t<div class=\"elementor-widget-container\">\n\t\t\t\t\t\t\t\t\t<p><\/p>\n<p>Syd\u00e4mell\u00e4 tehdyn lastenteatteriesityksemme lis\u00e4ksi voimme tarjota mm. seuraavanlaisia palveluita:<\/p>\n<p><\/p>\n<p><\/p>\n<p><strong>Teatteripalvelut: <\/strong>Ohjelmistostamme l\u00f6ytyy mm. laulumonologeja, kuten Tarinoita rintamalotista ja Tabermann goes H\u00e4rk\u00f6nen. Kev\u00e4\u00e4ll\u00e4 2024 sai ensi-iltansa Anne Prokofjeffin k\u00e4sikirjoittama Kuumia Aaltoja. T\u00e4m\u00e4 kahden naisen n\u00e4ytelm\u00e4 tapahtuu karaokebaarissa, ja yleis\u00f6ll\u00e4 on mahdollisuus ruokailla ja laulaa mukana esityksen aikana. N\u00e4ytelm\u00e4 sai loistavan vastaanoton ja esitykset jatkuvat syksyll\u00e4 2024 ravintola Sohwissa. Esityksen kesto on noin kaksi tuntia v\u00e4liaikoineen. Tarvittaessa r\u00e4\u00e4t\u00e4l\u00f6imme kullekin ryhm\u00e4lle sopivan esityksen. Rooleissa Tarja Matilainen ja Minna Tuomanen. Keikkakyselyt osoitteeseen info(a)toitoitoi.fi.<\/p>\n<p><\/p>\n<p><\/p>\n<p><strong>Musiikkipalvelut:<\/strong> Voimme toteuttaa erilaisin kokoonpanoin<strong> klassisia ja viihteellisi\u00e4 musiikkiesityksi\u00e4<\/strong>. J\u00e4senilt\u00e4mme l\u00f6ytyy t\u00e4m\u00e4n ohella musiikkiosaamista mm. pianonsoiton opettamisesta sek\u00e4 musiikin s\u00e4velt\u00e4misest\u00e4 ja sovittamisesta artisteille sek\u00e4 teatteri- ja musiikkiesityksiin.<\/p>\n<p><\/p>\n<p><\/p>\n<p><strong>Ravintola- ja kahvilapalvelut<\/strong> tarjoaa yhteisty\u00f6kumppanimme ja osuuskuntamme j\u00e4sen ravintola Sohwi Oy.<\/p>\n<p><\/p>\t\t\t\t\t\t\t\t<\/div>\n\t\t\t\t<\/div>\n\t\t\t\t\t<\/div>\n\t\t<\/div>\n\t\t\t\t\t<\/div>\n\t\t<\/section>\n\t\t\t\t<\/div>\n\t\t","protected":false},"excerpt":{"rendered":"<p>Syd\u00e4mell\u00e4 tehdyn lastenteatteriesityksemme lis\u00e4ksi voimme tarjota mm. seuraavanlaisia palveluita: Teatteripalvelut: Ohjelmistostamme l\u00f6ytyy mm. laulumonologeja, kuten Tarinoita rintamalotista ja Tabermann goes H\u00e4rk\u00f6nen. Kev\u00e4\u00e4ll\u00e4 2024 sai ensi-iltansa Anne Prokofjeffin k\u00e4sikirjoittama Kuumia Aaltoja. T\u00e4m\u00e4 kahden naisen n\u00e4ytelm\u00e4 tapahtuu karaokebaarissa, ja yleis\u00f6ll\u00e4 on mahdollisuus ruokailla ja laulaa mukana esityksen aikana. N\u00e4ytelm\u00e4 sai loistavan vastaanoton ja esitykset jatkuvat syksyll\u00e4 2024 [&hellip;]<\/p>\n","protected":false},"author":1,"featured_media":0,"parent":0,"menu_order":0,"comment_status":"closed","ping_status":"closed","template":"","meta":{"footnotes":""},"aioseo_notices":[],"_links":{"self":[{"href":"https:\/\/toitoitoi.fi\/index.php?rest_route=\/wp\/v2\/pages\/162"}],"collection":[{"href":"https:\/\/toitoitoi.fi\/index.php?rest_route=\/wp\/v2\/pages"}],"about":[{"href":"https:\/\/toitoitoi.fi\/index.php?rest_route=\/wp\/v2\/types\/page"}],"author":[{"embeddable":true,"href":"https:\/\/toitoitoi.fi\/index.php?rest_route=\/wp\/v2\/users\/1"}],"replies":[{"embeddable":true,"href":"https:\/\/toitoitoi.fi\/index.php?rest_route=%2Fwp%2Fv2%2Fcomments&post=162"}],"version-history":[{"count":25,"href":"https:\/\/toitoitoi.fi\/index.php?rest_route=\/wp\/v2\/pages\/162\/revisions"}],"predecessor-version":[{"id":1321,"href":"https:\/\/toitoitoi.fi\/index.php?rest_route=\/wp\/v2\/pages\/162\/revisions\/1321"}],"wp:attachment":[{"href":"https:\/\/toitoitoi.fi\/index.php?rest_route=%2Fwp%2Fv2%2Fmedia&parent=162"}],"curies":[{"name":"wp","href":"https:\/\/api.w.org\/{rel}","templated":true}]}}