{"id":149,"date":"2019-03-14T09:37:16","date_gmt":"2019-03-14T07:37:16","guid":{"rendered":"https:\/\/toitoitoi.fi\/?page_id=149"},"modified":"2025-04-28T20:07:08","modified_gmt":"2025-04-28T18:07:08","slug":"hinnasto","status":"publish","type":"page","link":"https:\/\/toitoitoi.fi\/?page_id=149","title":{"rendered":"Hinnasto"},"content":{"rendered":"\t\t<div data-elementor-type=\"wp-page\" data-elementor-id=\"149\" class=\"elementor elementor-149\">\n\t\t\t\t\t\t<section class=\"elementor-section elementor-top-section elementor-element elementor-element-27e83fef elementor-section-boxed elementor-section-height-default elementor-section-height-default\" data-id=\"27e83fef\" data-element_type=\"section\">\n\t\t\t\t\t\t<div class=\"elementor-container elementor-column-gap-default\">\n\t\t\t\t\t<div class=\"elementor-column elementor-col-100 elementor-top-column elementor-element elementor-element-208395c1\" data-id=\"208395c1\" data-element_type=\"column\">\n\t\t\t<div class=\"elementor-widget-wrap elementor-element-populated\">\n\t\t\t\t\t\t<div class=\"elementor-element elementor-element-7881f8aa elementor-widget elementor-widget-text-editor\" data-id=\"7881f8aa\" data-element_type=\"widget\" data-widget_type=\"text-editor.default\">\n\t\t\t\t<div class=\"elementor-widget-container\">\n\t\t\t\t\t\t\t\t\t<p><\/p>\n<p><\/p>\n<p>Peruslippu: 15 \u20ac\/hl\u00f6 (<img decoding=\"async\" style=\"width: 15px;\" src=\"https:\/\/toitoitoi.fi\/wp-content\/uploads\/2020\/05\/OP_logo.png\" alt=\"\" \/> <em>Op-etuesitys<\/em>\u00a012,50 \u20ac)<\/p>\n<p><\/p>\n<p>Lastenlippu (yli 2-vuotiaat): 13 \u20ac\/hl\u00f6\u00a0<span style=\"color: var( --e-global-color-text ); font-family: var( --e-global-typography-text-font-family ), Sans-serif; font-weight: var( --e-global-typography-text-font-weight );\">(<\/span><img decoding=\"async\" style=\"color: var( --e-global-color-text ); font-family: var( --e-global-typography-text-font-family ), Sans-serif; font-weight: var( --e-global-typography-text-font-weight ); width: 15px;\" src=\"https:\/\/toitoitoi.fi\/wp-content\/uploads\/2020\/05\/OP_logo.png\" alt=\"\" \/><span style=\"color: var( --e-global-color-text ); font-family: var( --e-global-typography-text-font-family ), Sans-serif; font-weight: var( --e-global-typography-text-font-weight );\">\u00a0<\/span><em style=\"color: var( --e-global-color-text ); font-family: var( --e-global-typography-text-font-family ), Sans-serif; font-weight: var( --e-global-typography-text-font-weight );\">Op-etuesitys<\/em><span style=\"color: var( --e-global-color-text ); font-family: var( --e-global-typography-text-font-family ), Sans-serif; font-weight: var( --e-global-typography-text-font-weight );\">\u00a012,50 \u20ac)<\/span><\/p>\n<p><\/p>\n<p>Perhelippu (4 hl\u00f6\u00e4): 50 \u20ac<\/p>\n<p><\/p>\n<p>Ty\u00f6t\u00f6n \/ el\u00e4kel\u00e4inen \/ opiskelija: 13 \u20ac\/hl\u00f6 (<img decoding=\"async\" style=\"width: 15px;\" src=\"https:\/\/toitoitoi.fi\/wp-content\/uploads\/2020\/05\/OP_logo.png\" alt=\"\" \/> <em>Op-etuesitys<\/em> 10 \u20ac)<\/p>\n<p><\/p>\n<p>Ryhm\u00e4lippu (min. 15 hl\u00f6\u00e4): 11 \u20ac\/hl\u00f6, ryhm\u00e4nvet\u00e4j\u00e4t: 3,50 \u20ac\/hl\u00f6.\u00a0<span style=\"color: var( --e-global-color-text ); font-family: var( --e-global-typography-text-font-family ), Sans-serif; font-weight: var( --e-global-typography-text-font-weight );\">Ryhm\u00e4liput myyd\u00e4\u00e4n asiakaspalvelun kautta <\/span><strong style=\"color: var( --e-global-color-text ); font-family: var( --e-global-typography-text-font-family ), Sans-serif;\">info(at)toitoitoi.fi<\/strong><span style=\"color: var( --e-global-color-text ); font-family: var( --e-global-typography-text-font-family ), Sans-serif; font-weight: var( --e-global-typography-text-font-weight );\"> tai soittamalla \/ WhatsApilla <\/span><strong style=\"color: var( --e-global-color-text ); font-family: var( --e-global-typography-text-font-family ), Sans-serif;\">044 231 7510<\/strong><\/p>\n<p><strong style=\"color: var( --e-global-color-text ); font-family: var( --e-global-typography-text-font-family ), Sans-serif;\">\u00a0<\/strong><\/p>\n<p><span style=\"color: var( --e-global-color-text ); font-family: var( --e-global-typography-text-font-family ), Sans-serif;\">Maksutapoina paikan p\u00e4\u00e4ll\u00e4 k\u00e4yv\u00e4t k\u00e4teinen, pankkikortit sek\u00e4 SmartumPay.<\/span><\/p>\n<p><strong style=\"color: var( --e-global-color-text ); font-family: var( --e-global-typography-text-font-family ), Sans-serif;\">\u00a0<\/strong><\/p>\n<p><\/p>\n<p>Esitysp\u00e4iv\u00e4t M\u00e4ki-Matin perhepuistossa l\u00f6yd\u00e4t\u00a0<a style=\"font-family: var( --e-global-typography-text-font-family ), Sans-serif; font-weight: var( --e-global-typography-text-font-weight ); background-color: #ffffff; color: #dd3333; outline: 0px;\" title=\"M\u00e4ki-Matin esitykset\" href=\"https:\/\/toitoitoi.fi\/?page_id=92\" target=\"_blank\" rel=\"noopener\">t\u00e4\u00e4lt\u00e4<\/a>, ja esitysp\u00e4iv\u00e4t Niittyahon tilalla <a href=\"https:\/\/toitoitoi.fi\/?page_id=1376\">t\u00e4\u00e4lt\u00e4<\/a>.<span style=\"color: var( --e-global-color-text ); font-family: var( --e-global-typography-text-font-family ), Sans-serif; font-weight: var( --e-global-typography-text-font-weight );\"> Tarkemmat ohjeet lippujen varaamiseen ja ostamiseen l\u00f6yd\u00e4t <a href=\"https:\/\/toitoitoi.fi\/?page_id=1291\">t\u00e4\u00e4lt\u00e4<\/a>.<\/span><\/p>\n<p><strong>\u00a0<\/strong><\/p>\n<p><\/p>\n<p><strong>Esityksen peruuntuminen: <\/strong>Jos esitys peruuntuu tai jos joudut perumaan jo ostetut liput ylivoimaisen esteen sattuessa, liput pyrit\u00e4\u00e4n vaihtamaan\u00a0toiseen esitykseen. Mik\u00e4li t\u00e4m\u00e4 ei onnistu, palautetaan lipun hinta. Liput tulee vaihtaa kuukauden kuluessa. Teatteri ei korvaa muita kuluja.<\/p>\n<p><\/p>\n<p>J\u00e4ik\u00f6 jotain ep\u00e4selv\u00e4ksi? Kysy tarvittaessa lis\u00e4\u00e4 <strong>info(a)toitoitoi.fi<\/strong>:st\u00e4 tai soittamalla\/laittamalla WhatsApp-viesti\u00e4 numeroon <strong><a href=\"tel:+358-44-231-7510\" target=\"_blank\" rel=\"noreferrer noopener\" aria-label=\" (avautuu uudessa v\u00e4lilehdess\u00e4)\">044 231 7510<\/a><\/strong> . Asiakaspalvelumme on auki arkisin klo 10-13 sek\u00e4 esitysp\u00e4ivin\u00e4 tuntia ennen esityksen alkua.<\/p>\n<p><\/p>\t\t\t\t\t\t\t\t<\/div>\n\t\t\t\t<\/div>\n\t\t\t\t\t<\/div>\n\t\t<\/div>\n\t\t\t\t\t<\/div>\n\t\t<\/section>\n\t\t\t\t<\/div>\n\t\t","protected":false},"excerpt":{"rendered":"<p>Peruslippu: 15 \u20ac\/hl\u00f6 ( Op-etuesitys\u00a012,50 \u20ac) Lastenlippu (yli 2-vuotiaat): 13 \u20ac\/hl\u00f6\u00a0(\u00a0Op-etuesitys\u00a012,50 \u20ac) Perhelippu (4 hl\u00f6\u00e4): 50 \u20ac Ty\u00f6t\u00f6n \/ el\u00e4kel\u00e4inen \/ opiskelija: 13 \u20ac\/hl\u00f6 ( Op-etuesitys 10 \u20ac) Ryhm\u00e4lippu (min. 15 hl\u00f6\u00e4): 11 \u20ac\/hl\u00f6, ryhm\u00e4nvet\u00e4j\u00e4t: 3,50 \u20ac\/hl\u00f6.\u00a0Ryhm\u00e4liput myyd\u00e4\u00e4n asiakaspalvelun kautta info(at)toitoitoi.fi tai soittamalla \/ WhatsApilla 044 231 7510 \u00a0 Maksutapoina paikan p\u00e4\u00e4ll\u00e4 k\u00e4yv\u00e4t k\u00e4teinen, pankkikortit [&hellip;]<\/p>\n","protected":false},"author":1,"featured_media":0,"parent":0,"menu_order":0,"comment_status":"closed","ping_status":"closed","template":"","meta":{"footnotes":""},"aioseo_notices":[],"_links":{"self":[{"href":"https:\/\/toitoitoi.fi\/index.php?rest_route=\/wp\/v2\/pages\/149"}],"collection":[{"href":"https:\/\/toitoitoi.fi\/index.php?rest_route=\/wp\/v2\/pages"}],"about":[{"href":"https:\/\/toitoitoi.fi\/index.php?rest_route=\/wp\/v2\/types\/page"}],"author":[{"embeddable":true,"href":"https:\/\/toitoitoi.fi\/index.php?rest_route=\/wp\/v2\/users\/1"}],"replies":[{"embeddable":true,"href":"https:\/\/toitoitoi.fi\/index.php?rest_route=%2Fwp%2Fv2%2Fcomments&post=149"}],"version-history":[{"count":45,"href":"https:\/\/toitoitoi.fi\/index.php?rest_route=\/wp\/v2\/pages\/149\/revisions"}],"predecessor-version":[{"id":1417,"href":"https:\/\/toitoitoi.fi\/index.php?rest_route=\/wp\/v2\/pages\/149\/revisions\/1417"}],"wp:attachment":[{"href":"https:\/\/toitoitoi.fi\/index.php?rest_route=%2Fwp%2Fv2%2Fmedia&parent=149"}],"curies":[{"name":"wp","href":"https:\/\/api.w.org\/{rel}","templated":true}]}}