{"id":143,"date":"2019-03-14T09:28:46","date_gmt":"2019-03-14T07:28:46","guid":{"rendered":"https:\/\/toitoitoi.fi\/?page_id=143"},"modified":"2024-04-23T11:31:34","modified_gmt":"2024-04-23T09:31:34","slug":"tilaa-meidat","status":"publish","type":"page","link":"https:\/\/toitoitoi.fi\/?page_id=143","title":{"rendered":"Tilaa meid\u00e4t"},"content":{"rendered":"\t\t<div data-elementor-type=\"wp-page\" data-elementor-id=\"143\" class=\"elementor elementor-143\">\n\t\t\t\t\t\t<section class=\"elementor-section elementor-top-section elementor-element elementor-element-3488414b elementor-section-boxed elementor-section-height-default elementor-section-height-default\" data-id=\"3488414b\" data-element_type=\"section\">\n\t\t\t\t\t\t<div class=\"elementor-container elementor-column-gap-default\">\n\t\t\t\t\t<div class=\"elementor-column elementor-col-100 elementor-top-column elementor-element elementor-element-30066eb5\" data-id=\"30066eb5\" data-element_type=\"column\">\n\t\t\t<div class=\"elementor-widget-wrap elementor-element-populated\">\n\t\t\t\t\t\t<div class=\"elementor-element elementor-element-4a557be8 elementor-widget elementor-widget-text-editor\" data-id=\"4a557be8\" data-element_type=\"widget\" data-widget_type=\"text-editor.default\">\n\t\t\t\t<div class=\"elementor-widget-container\">\n\t\t\t\t\t\t\t\t\t<p><\/p>\n<figure id=\"attachment_895\" aria-describedby=\"caption-attachment-895\" style=\"width: 300px\" class=\"wp-caption alignnone\"><img fetchpriority=\"high\" decoding=\"async\" class=\"size-medium wp-image-895\" src=\"https:\/\/toitoitoi.fi\/wp-content\/uploads\/2021\/07\/810_2759-300x200.jpg\" alt=\"\" width=\"300\" height=\"200\" srcset=\"https:\/\/toitoitoi.fi\/wp-content\/uploads\/2021\/07\/810_2759-300x200.jpg 300w, https:\/\/toitoitoi.fi\/wp-content\/uploads\/2021\/07\/810_2759-1024x684.jpg 1024w, https:\/\/toitoitoi.fi\/wp-content\/uploads\/2021\/07\/810_2759-768x513.jpg 768w, https:\/\/toitoitoi.fi\/wp-content\/uploads\/2021\/07\/810_2759-1536x1025.jpg 1536w, https:\/\/toitoitoi.fi\/wp-content\/uploads\/2021\/07\/810_2759.jpg 2000w\" sizes=\"(max-width: 300px) 100vw, 300px\" \/><figcaption id=\"caption-attachment-895\" class=\"wp-caption-text\">Kuvaaja: Jaakko Manninen<\/figcaption><\/figure>\n<p>Haluatko tilata meilt\u00e4 esityksen tai ty\u00f6pajan omiin tilohisi? Nyt sen voi tehd\u00e4! Katso itsellesi sopivat palvelumme <a href=\"https:\/\/toitoitoi.fi\/?page_id=162'\">t\u00e4\u00e4lt\u00e4<\/a>. Esityksemme mobilisoituu l\u00e4hes mihin tahansa tilaan &#8211; kolme n\u00e4yttelij\u00e4\u00e4 ei tarvitse kauhean isoa nurkkausta. Kysy lis\u00e4\u00e4 <strong>info(a)toitoitoi.fi<\/strong>:st\u00e4 tai <strong>soita<\/strong>\/laita <strong>WhatsApp<\/strong> numeroon \u00a0<strong><a href=\"tel:+358-44-231-7510\" target=\"_blank\" rel=\"noreferrer noopener\">044 231 7510<\/a><\/strong> ! Asiakaspalvelumme vastaa arkisin klo 10-13 ja la-su tuntia ennen esityksi\u00e4.<\/p>\n<p><\/p>\t\t\t\t\t\t\t\t<\/div>\n\t\t\t\t<\/div>\n\t\t\t\t\t<\/div>\n\t\t<\/div>\n\t\t\t\t\t<\/div>\n\t\t<\/section>\n\t\t\t\t<\/div>\n\t\t","protected":false},"excerpt":{"rendered":"<p>Haluatko tilata meilt\u00e4 esityksen tai ty\u00f6pajan omiin tilohisi? Nyt sen voi tehd\u00e4! Katso itsellesi sopivat palvelumme t\u00e4\u00e4lt\u00e4. Esityksemme mobilisoituu l\u00e4hes mihin tahansa tilaan &#8211; kolme n\u00e4yttelij\u00e4\u00e4 ei tarvitse kauhean isoa nurkkausta. Kysy lis\u00e4\u00e4 info(a)toitoitoi.fi:st\u00e4 tai soita\/laita WhatsApp numeroon \u00a0044 231 7510 ! Asiakaspalvelumme vastaa arkisin klo 10-13 ja la-su tuntia ennen esityksi\u00e4.<\/p>\n","protected":false},"author":1,"featured_media":0,"parent":0,"menu_order":0,"comment_status":"closed","ping_status":"closed","template":"","meta":{"footnotes":""},"aioseo_notices":[],"_links":{"self":[{"href":"https:\/\/toitoitoi.fi\/index.php?rest_route=\/wp\/v2\/pages\/143"}],"collection":[{"href":"https:\/\/toitoitoi.fi\/index.php?rest_route=\/wp\/v2\/pages"}],"about":[{"href":"https:\/\/toitoitoi.fi\/index.php?rest_route=\/wp\/v2\/types\/page"}],"author":[{"embeddable":true,"href":"https:\/\/toitoitoi.fi\/index.php?rest_route=\/wp\/v2\/users\/1"}],"replies":[{"embeddable":true,"href":"https:\/\/toitoitoi.fi\/index.php?rest_route=%2Fwp%2Fv2%2Fcomments&post=143"}],"version-history":[{"count":19,"href":"https:\/\/toitoitoi.fi\/index.php?rest_route=\/wp\/v2\/pages\/143\/revisions"}],"predecessor-version":[{"id":1309,"href":"https:\/\/toitoitoi.fi\/index.php?rest_route=\/wp\/v2\/pages\/143\/revisions\/1309"}],"wp:attachment":[{"href":"https:\/\/toitoitoi.fi\/index.php?rest_route=%2Fwp%2Fv2%2Fmedia&parent=143"}],"curies":[{"name":"wp","href":"https:\/\/api.w.org\/{rel}","templated":true}]}}