{"id":1376,"date":"2025-04-28T06:46:32","date_gmt":"2025-04-28T04:46:32","guid":{"rendered":"https:\/\/toitoitoi.fi\/?page_id=1376"},"modified":"2025-05-15T11:54:29","modified_gmt":"2025-05-15T09:54:29","slug":"esitykset-niittyahon-tilalla","status":"publish","type":"page","link":"https:\/\/toitoitoi.fi\/?page_id=1376","title":{"rendered":"Esitykset Niittyahon tilalla"},"content":{"rendered":"\t\t<div data-elementor-type=\"wp-page\" data-elementor-id=\"1376\" class=\"elementor elementor-1376\">\n\t\t\t\t\t\t<section class=\"elementor-section elementor-top-section elementor-element elementor-element-4073a27 elementor-section-boxed elementor-section-height-default elementor-section-height-default\" data-id=\"4073a27\" data-element_type=\"section\">\n\t\t\t\t\t\t<div class=\"elementor-container elementor-column-gap-default\">\n\t\t\t\t\t<div class=\"elementor-column elementor-col-100 elementor-top-column elementor-element elementor-element-54dec2e\" data-id=\"54dec2e\" data-element_type=\"column\">\n\t\t\t<div class=\"elementor-widget-wrap elementor-element-populated\">\n\t\t\t\t\t\t<div class=\"elementor-element elementor-element-e8763b1 elementor-widget__width-initial elementor-widget elementor-widget-heading\" data-id=\"e8763b1\" data-element_type=\"widget\" data-widget_type=\"heading.default\">\n\t\t\t\t<div class=\"elementor-widget-container\">\n\t\t\t\t\t<h2 class=\"elementor-heading-title elementor-size-default\">Esitykset Niittyahon tilalla Muuramessa <br>(Niittyahontie 60 Muurame)<\/h2>\t\t\t\t<\/div>\n\t\t\t\t<\/div>\n\t\t\t\t\t<\/div>\n\t\t<\/div>\n\t\t\t\t\t<\/div>\n\t\t<\/section>\n\t\t\t\t<section class=\"elementor-section elementor-top-section elementor-element elementor-element-00b9642 elementor-section-boxed elementor-section-height-default elementor-section-height-default\" data-id=\"00b9642\" data-element_type=\"section\">\n\t\t\t\t\t\t<div class=\"elementor-container elementor-column-gap-default\">\n\t\t\t\t\t<div class=\"elementor-column elementor-col-50 elementor-top-column elementor-element elementor-element-60f3b73\" data-id=\"60f3b73\" data-element_type=\"column\">\n\t\t\t<div class=\"elementor-widget-wrap elementor-element-populated\">\n\t\t\t\t\t\t<div class=\"elementor-element elementor-element-a770dc0 elementor-widget elementor-widget-image\" data-id=\"a770dc0\" data-element_type=\"widget\" data-widget_type=\"image.default\">\n\t\t\t\t<div class=\"elementor-widget-container\">\n\t\t\t\t\t\t\t\t\t\t\t\t\t\t\t<img fetchpriority=\"high\" decoding=\"async\" width=\"640\" height=\"962\" src=\"https:\/\/toitoitoi.fi\/wp-content\/uploads\/2025\/04\/SJK_143818-681x1024.jpg\" class=\"attachment-large size-large wp-image-1391\" alt=\"\" srcset=\"https:\/\/toitoitoi.fi\/wp-content\/uploads\/2025\/04\/SJK_143818-681x1024.jpg 681w, https:\/\/toitoitoi.fi\/wp-content\/uploads\/2025\/04\/SJK_143818-200x300.jpg 200w, https:\/\/toitoitoi.fi\/wp-content\/uploads\/2025\/04\/SJK_143818-768x1154.jpg 768w, https:\/\/toitoitoi.fi\/wp-content\/uploads\/2025\/04\/SJK_143818-1022x1536.jpg 1022w, https:\/\/toitoitoi.fi\/wp-content\/uploads\/2025\/04\/SJK_143818-1363x2048.jpg 1363w, https:\/\/toitoitoi.fi\/wp-content\/uploads\/2025\/04\/SJK_143818-scaled.jpg 1703w\" sizes=\"(max-width: 640px) 100vw, 640px\" \/>\t\t\t\t\t\t\t\t\t\t\t\t\t\t\t<\/div>\n\t\t\t\t<\/div>\n\t\t\t\t<div class=\"elementor-element elementor-element-822a8db elementor-widget elementor-widget-text-editor\" data-id=\"822a8db\" data-element_type=\"widget\" data-widget_type=\"text-editor.default\">\n\t\t\t\t<div class=\"elementor-widget-container\">\n\t\t\t\t\t\t\t\t\t<p>Kuva: Studio Woudin<\/p>\t\t\t\t\t\t\t\t<\/div>\n\t\t\t\t<\/div>\n\t\t\t\t\t<\/div>\n\t\t<\/div>\n\t\t\t\t<div class=\"elementor-column elementor-col-50 elementor-top-column elementor-element elementor-element-896f2e6\" data-id=\"896f2e6\" data-element_type=\"column\">\n\t\t\t<div class=\"elementor-widget-wrap elementor-element-populated\">\n\t\t\t\t\t\t<div class=\"elementor-element elementor-element-ca9aae2 elementor-widget elementor-widget-text-editor\" data-id=\"ca9aae2\" data-element_type=\"widget\" data-widget_type=\"text-editor.default\">\n\t\t\t\t<div class=\"elementor-widget-container\">\n\t\t\t\t\t\t\t\t\t<p>13.6 klo 13.00 ennakko (liput 10e)<\/p><p>14.6 klo 13.00\u00a0 Ensi-Ilta\u00a0\u00a0\u00a0\u00a0\u00a0\u00a0<\/p><p>17.6 klo 18.00 KSML tilaajaetu-esitys<\/p><p>18.6 klo 13.00\u00a0 OP-etuesitys<\/p><p>19.6 klo 13.00<\/p><p>23.6 klo 13.00\u00a0 OP-etuesitys<\/p><p>24.6 klo 13.00<\/p><p>25.6 klo 13.00<\/p><p>26.6 klo 18.00<\/p><p>28.6 klo 13.00<\/p><p>\u00a0<\/p><p>\u00a0<\/p><p>28.7 klo 18.00<\/p><p>29.7 klo 18.00<\/p><p>30.7 klo 13.00<\/p><p>31.7 klo 13.00<\/p><p>1.8 klo 13.00 OP-etuesitys<\/p><p>3.8 klo 13.00<\/p>\t\t\t\t\t\t\t\t<\/div>\n\t\t\t\t<\/div>\n\t\t\t\t\t<\/div>\n\t\t<\/div>\n\t\t\t\t\t<\/div>\n\t\t<\/section>\n\t\t\t\t<section class=\"elementor-section elementor-top-section elementor-element elementor-element-27e877c elementor-section-boxed elementor-section-height-default elementor-section-height-default\" data-id=\"27e877c\" data-element_type=\"section\">\n\t\t\t\t\t\t<div class=\"elementor-container elementor-column-gap-default\">\n\t\t\t\t\t<div class=\"elementor-column elementor-col-100 elementor-top-column elementor-element elementor-element-6837598\" data-id=\"6837598\" data-element_type=\"column\">\n\t\t\t<div class=\"elementor-widget-wrap elementor-element-populated\">\n\t\t\t\t\t\t<div class=\"elementor-element elementor-element-75dcf42 elementor-widget elementor-widget-heading\" data-id=\"75dcf42\" data-element_type=\"widget\" data-widget_type=\"heading.default\">\n\t\t\t\t<div class=\"elementor-widget-container\">\n\t\t\t\t\t<h2 class=\"elementor-heading-title elementor-size-default\">Varausohjeet Niittyahon tilalle<\/h2>\t\t\t\t<\/div>\n\t\t\t\t<\/div>\n\t\t\t\t\t<\/div>\n\t\t<\/div>\n\t\t\t\t\t<\/div>\n\t\t<\/section>\n\t\t\t\t<section class=\"elementor-section elementor-top-section elementor-element elementor-element-1106feb elementor-section-boxed elementor-section-height-default elementor-section-height-default\" data-id=\"1106feb\" data-element_type=\"section\">\n\t\t\t\t\t\t<div class=\"elementor-container elementor-column-gap-default\">\n\t\t\t\t\t<div class=\"elementor-column elementor-col-100 elementor-top-column elementor-element elementor-element-694aa9b\" data-id=\"694aa9b\" data-element_type=\"column\">\n\t\t\t<div class=\"elementor-widget-wrap elementor-element-populated\">\n\t\t\t\t\t\t<div class=\"elementor-element elementor-element-649542d elementor-widget elementor-widget-text-editor\" data-id=\"649542d\" data-element_type=\"widget\" data-widget_type=\"text-editor.default\">\n\t\t\t\t<div class=\"elementor-widget-container\">\n\t\t\t\t\t\t\t\t\t<p style=\"text-align: center;\">Liput esityksiin Niittyahon tilalla l\u00f6ytyv\u00e4t Niittyahon omasta lippukaupasta, osoitteesta <a href=\"http:\/\/www.niittyahontila.fi\" target=\"_blank\" rel=\"noopener\">www.niittyahontila.fi<\/a>. <br><\/p>\n<p style=\"text-align: center;\"><strong>Huomioithan, ett\u00e4 t\u00e4n\u00e4 kes\u00e4n\u00e4 Saapasjalkakissa-esityksi\u00e4 on sek\u00e4 M\u00e4ki-Matin perhepuistossa, ett\u00e4 Niittyahon tilalla Muuramessa.<\/strong> Varausohjeet poikkeavat esityspaikkojen v\u00e4lill\u00e4, joten muistathan tarkistaa ohjeet sivuiltamme, sek\u00e4 katsoa tarkasti, kummassa paikassa kyseinen esitys j\u00e4rjestet\u00e4\u00e4n. Vastauksia usein kysyttyihin kysymyksiin liittyen lippuihin l\u00f6yd\u00e4t <a href=\"https:\/\/toitoitoi.fi\/?page_id=1291\">t\u00e4\u00e4lt\u00e4<\/a>. Tervetuloa!<\/p>\t\t\t\t\t\t\t\t<\/div>\n\t\t\t\t<\/div>\n\t\t\t\t\t<\/div>\n\t\t<\/div>\n\t\t\t\t\t<\/div>\n\t\t<\/section>\n\t\t\t\t<\/div>\n\t\t","protected":false},"excerpt":{"rendered":"<p>Esitykset Niittyahon tilalla Muuramessa (Niittyahontie 60 Muurame) Kuva: Studio Woudin 13.6 klo 13.00 ennakko (liput 10e) 14.6 klo 13.00\u00a0 Ensi-Ilta\u00a0\u00a0\u00a0\u00a0\u00a0\u00a0 17.6 klo 18.00 KSML tilaajaetu-esitys 18.6 klo 13.00\u00a0 OP-etuesitys 19.6 klo 13.00 23.6 klo 13.00\u00a0 OP-etuesitys 24.6 klo 13.00 25.6 klo 13.00 26.6 klo 18.00 28.6 klo 13.00 \u00a0 \u00a0 28.7 klo 18.00 29.7 klo [&hellip;]<\/p>\n","protected":false},"author":4,"featured_media":0,"parent":0,"menu_order":0,"comment_status":"closed","ping_status":"closed","template":"","meta":{"footnotes":""},"aioseo_notices":[],"_links":{"self":[{"href":"https:\/\/toitoitoi.fi\/index.php?rest_route=\/wp\/v2\/pages\/1376"}],"collection":[{"href":"https:\/\/toitoitoi.fi\/index.php?rest_route=\/wp\/v2\/pages"}],"about":[{"href":"https:\/\/toitoitoi.fi\/index.php?rest_route=\/wp\/v2\/types\/page"}],"author":[{"embeddable":true,"href":"https:\/\/toitoitoi.fi\/index.php?rest_route=\/wp\/v2\/users\/4"}],"replies":[{"embeddable":true,"href":"https:\/\/toitoitoi.fi\/index.php?rest_route=%2Fwp%2Fv2%2Fcomments&post=1376"}],"version-history":[{"count":11,"href":"https:\/\/toitoitoi.fi\/index.php?rest_route=\/wp\/v2\/pages\/1376\/revisions"}],"predecessor-version":[{"id":1426,"href":"https:\/\/toitoitoi.fi\/index.php?rest_route=\/wp\/v2\/pages\/1376\/revisions\/1426"}],"wp:attachment":[{"href":"https:\/\/toitoitoi.fi\/index.php?rest_route=%2Fwp%2Fv2%2Fmedia&parent=1376"}],"curies":[{"name":"wp","href":"https:\/\/api.w.org\/{rel}","templated":true}]}}