{"id":1323,"date":"2024-04-25T09:16:11","date_gmt":"2024-04-25T07:16:11","guid":{"rendered":"https:\/\/toitoitoi.fi\/?page_id=1323"},"modified":"2024-04-25T09:35:02","modified_gmt":"2024-04-25T07:35:02","slug":"kriitikoiden-kommentteja","status":"publish","type":"page","link":"https:\/\/toitoitoi.fi\/?page_id=1323","title":{"rendered":"Kriitikoiden kommentteja"},"content":{"rendered":"\t\t<div data-elementor-type=\"wp-page\" data-elementor-id=\"1323\" class=\"elementor elementor-1323\">\n\t\t\t\t\t\t<section class=\"elementor-section elementor-top-section elementor-element elementor-element-b525ce4 elementor-section-boxed elementor-section-height-default elementor-section-height-default\" data-id=\"b525ce4\" data-element_type=\"section\">\n\t\t\t\t\t\t<div class=\"elementor-container elementor-column-gap-default\">\n\t\t\t\t\t<div class=\"elementor-column elementor-col-100 elementor-top-column elementor-element elementor-element-e8e30f4\" data-id=\"e8e30f4\" data-element_type=\"column\">\n\t\t\t<div class=\"elementor-widget-wrap elementor-element-populated\">\n\t\t\t\t\t\t<div class=\"elementor-element elementor-element-40cbda9 elementor-widget elementor-widget-text-editor\" data-id=\"40cbda9\" data-element_type=\"widget\" data-widget_type=\"text-editor.default\">\n\t\t\t\t<div class=\"elementor-widget-container\">\n\t\t\t\t\t\t\t\t\t<p>&#8221;Visuaalisti mehev\u00e4 ja akustisesti omatekoista musiikkia my\u00f6ten miellytt\u00e4v\u00e4 toteutus pysyy virke\u00e4n\u00e4 kokeneitten, silti aitoa intoa puhkuvien tekij\u00f6iden ansiosta.&#8221;<\/p><p>&#8211; KSM Laura Laakso<\/p><p>Viirun ja Pesosen kes\u00e4, 2019<\/p>\t\t\t\t\t\t\t\t<\/div>\n\t\t\t\t<\/div>\n\t\t\t\t\t<\/div>\n\t\t<\/div>\n\t\t\t\t\t<\/div>\n\t\t<\/section>\n\t\t\t\t<section class=\"elementor-section elementor-top-section elementor-element elementor-element-7b55487 elementor-section-boxed elementor-section-height-default elementor-section-height-default\" data-id=\"7b55487\" data-element_type=\"section\">\n\t\t\t\t\t\t<div class=\"elementor-container elementor-column-gap-default\">\n\t\t\t\t\t<div class=\"elementor-column elementor-col-100 elementor-top-column elementor-element elementor-element-5af446c\" data-id=\"5af446c\" data-element_type=\"column\">\n\t\t\t<div class=\"elementor-widget-wrap elementor-element-populated\">\n\t\t\t\t\t\t<div class=\"elementor-element elementor-element-237e3e1 elementor-widget elementor-widget-text-editor\" data-id=\"237e3e1\" data-element_type=\"widget\" data-widget_type=\"text-editor.default\">\n\t\t\t\t<div class=\"elementor-widget-container\">\n\t\t\t\t\t\t\t\t\t<p>&#8221;- Ihan mielet\u00f6n, ihan mahtava, kuului edest\u00e4ni esityksen p\u00e4\u00e4tteeksi. Yksi pieni tytt\u00f6 takariviss\u00e4 taputti hyppien.&#8221;<\/p><p>&#8211; KSM Petri Kaikosuo<\/p><p>Maukka, V\u00e4ykk\u00e4 ja syntym\u00e4p\u00e4iv\u00e4, 2020<\/p>\t\t\t\t\t\t\t\t<\/div>\n\t\t\t\t<\/div>\n\t\t\t\t\t<\/div>\n\t\t<\/div>\n\t\t\t\t\t<\/div>\n\t\t<\/section>\n\t\t\t\t<section class=\"elementor-section elementor-top-section elementor-element elementor-element-f43bcc6 elementor-section-boxed elementor-section-height-default elementor-section-height-default\" data-id=\"f43bcc6\" data-element_type=\"section\">\n\t\t\t\t\t\t<div class=\"elementor-container elementor-column-gap-default\">\n\t\t\t\t\t<div class=\"elementor-column elementor-col-100 elementor-top-column elementor-element elementor-element-0cc359b\" data-id=\"0cc359b\" data-element_type=\"column\">\n\t\t\t<div class=\"elementor-widget-wrap elementor-element-populated\">\n\t\t\t\t\t\t<div class=\"elementor-element elementor-element-7d192c1 elementor-widget elementor-widget-text-editor\" data-id=\"7d192c1\" data-element_type=\"widget\" data-widget_type=\"text-editor.default\">\n\t\t\t\t<div class=\"elementor-widget-container\">\n\t\t\t\t\t\t\t\t\t<p>&#8221;Kaikista huokuu, ett\u00e4 lastenteatteria tehd\u00e4\u00e4n suurella syd\u00e4mell\u00e4. Kiireen tuntua ei ole, nyt ollaan hetkess\u00e4 l\u00e4sn\u00e4 ja jaetaan yhteinen teatteriel\u00e4mys.&#8221;<\/p><p>&#8211; KSM Johanna Suominen<\/p><p><span style=\"color: var( --e-global-color-text ); font-family: var( --e-global-typography-text-font-family ), Sans-serif; font-weight: var( --e-global-typography-text-font-weight );\">Tatu ja Patu sy\u00f6m\u00e4\u00e4n, 2021<\/span><\/p>\t\t\t\t\t\t\t\t<\/div>\n\t\t\t\t<\/div>\n\t\t\t\t\t<\/div>\n\t\t<\/div>\n\t\t\t\t\t<\/div>\n\t\t<\/section>\n\t\t\t\t<section class=\"elementor-section elementor-top-section elementor-element elementor-element-5491102 elementor-section-boxed elementor-section-height-default elementor-section-height-default\" data-id=\"5491102\" data-element_type=\"section\">\n\t\t\t\t\t\t<div class=\"elementor-container elementor-column-gap-default\">\n\t\t\t\t\t<div class=\"elementor-column elementor-col-100 elementor-top-column elementor-element elementor-element-76ad981\" data-id=\"76ad981\" data-element_type=\"column\">\n\t\t\t<div class=\"elementor-widget-wrap elementor-element-populated\">\n\t\t\t\t\t\t<div class=\"elementor-element elementor-element-7564731 elementor-widget elementor-widget-text-editor\" data-id=\"7564731\" data-element_type=\"widget\" data-widget_type=\"text-editor.default\">\n\t\t\t\t<div class=\"elementor-widget-container\">\n\t\t\t\t\t\t\t\t\t<p>&#8221;Hauskasta teatteriesityksest\u00e4 nauttivat kaikki puolitoistavuotiaasta Einosta mummoon ja vaariin. V\u00e4liaikatarjoilukaan ei pett\u00e4nyt, sill\u00e4 halutessaan sai nauttia makkaraa ja makeita herkkuja.&#8221;<\/p><p>&#8211; KSM Maija-Liisa Westman<\/p><p><span style=\"color: var( --e-global-color-text ); font-family: var( --e-global-typography-text-font-family ), Sans-serif; font-weight: var( --e-global-typography-text-font-weight );\">Hyv\u00e4\u00e4 y\u00f6t\u00e4, Herra Hakkarainen, 2023<\/span><\/p>\t\t\t\t\t\t\t\t<\/div>\n\t\t\t\t<\/div>\n\t\t\t\t\t<\/div>\n\t\t<\/div>\n\t\t\t\t\t<\/div>\n\t\t<\/section>\n\t\t\t\t<\/div>\n\t\t","protected":false},"excerpt":{"rendered":"<p>&#8221;Visuaalisti mehev\u00e4 ja akustisesti omatekoista musiikkia my\u00f6ten miellytt\u00e4v\u00e4 toteutus pysyy virke\u00e4n\u00e4 kokeneitten, silti aitoa intoa puhkuvien tekij\u00f6iden ansiosta.&#8221; &#8211; KSM Laura Laakso Viirun ja Pesosen kes\u00e4, 2019 &#8221;- Ihan mielet\u00f6n, ihan mahtava, kuului edest\u00e4ni esityksen p\u00e4\u00e4tteeksi. Yksi pieni tytt\u00f6 takariviss\u00e4 taputti hyppien.&#8221; &#8211; KSM Petri Kaikosuo Maukka, V\u00e4ykk\u00e4 ja syntym\u00e4p\u00e4iv\u00e4, 2020 &#8221;Kaikista huokuu, ett\u00e4 lastenteatteria [&hellip;]<\/p>\n","protected":false},"author":4,"featured_media":0,"parent":0,"menu_order":0,"comment_status":"closed","ping_status":"closed","template":"","meta":{"footnotes":""},"aioseo_notices":[],"_links":{"self":[{"href":"https:\/\/toitoitoi.fi\/index.php?rest_route=\/wp\/v2\/pages\/1323"}],"collection":[{"href":"https:\/\/toitoitoi.fi\/index.php?rest_route=\/wp\/v2\/pages"}],"about":[{"href":"https:\/\/toitoitoi.fi\/index.php?rest_route=\/wp\/v2\/types\/page"}],"author":[{"embeddable":true,"href":"https:\/\/toitoitoi.fi\/index.php?rest_route=\/wp\/v2\/users\/4"}],"replies":[{"embeddable":true,"href":"https:\/\/toitoitoi.fi\/index.php?rest_route=%2Fwp%2Fv2%2Fcomments&post=1323"}],"version-history":[{"count":10,"href":"https:\/\/toitoitoi.fi\/index.php?rest_route=\/wp\/v2\/pages\/1323\/revisions"}],"predecessor-version":[{"id":1335,"href":"https:\/\/toitoitoi.fi\/index.php?rest_route=\/wp\/v2\/pages\/1323\/revisions\/1335"}],"wp:attachment":[{"href":"https:\/\/toitoitoi.fi\/index.php?rest_route=%2Fwp%2Fv2%2Fmedia&parent=1323"}],"curies":[{"name":"wp","href":"https:\/\/api.w.org\/{rel}","templated":true}]}}