{"id":1291,"date":"2024-04-23T11:07:33","date_gmt":"2024-04-23T09:07:33","guid":{"rendered":"https:\/\/toitoitoi.fi\/?page_id=1291"},"modified":"2025-05-15T12:10:59","modified_gmt":"2025-05-15T10:10:59","slug":"miten-ostan-liput","status":"publish","type":"page","link":"https:\/\/toitoitoi.fi\/?page_id=1291","title":{"rendered":"Miten ostan liput?"},"content":{"rendered":"\t\t<div data-elementor-type=\"wp-page\" data-elementor-id=\"1291\" class=\"elementor elementor-1291\">\n\t\t\t\t\t\t<section class=\"elementor-section elementor-top-section elementor-element elementor-element-7878c6b elementor-section-boxed elementor-section-height-default elementor-section-height-default\" data-id=\"7878c6b\" data-element_type=\"section\">\n\t\t\t\t\t\t<div class=\"elementor-container elementor-column-gap-default\">\n\t\t\t\t\t<div class=\"elementor-column elementor-col-50 elementor-top-column elementor-element elementor-element-7982a97\" data-id=\"7982a97\" data-element_type=\"column\">\n\t\t\t<div class=\"elementor-widget-wrap elementor-element-populated\">\n\t\t\t\t\t\t<div class=\"elementor-element elementor-element-cc160cc elementor-widget elementor-widget-heading\" data-id=\"cc160cc\" data-element_type=\"widget\" data-widget_type=\"heading.default\">\n\t\t\t\t<div class=\"elementor-widget-container\">\n\t\t\t\t\t<h2 class=\"elementor-heading-title elementor-size-default\">Varausohjeet M\u00e4ki-Mattiin<\/h2>\t\t\t\t<\/div>\n\t\t\t\t<\/div>\n\t\t\t\t<div class=\"elementor-element elementor-element-943aa02 elementor-widget elementor-widget-text-editor\" data-id=\"943aa02\" data-element_type=\"widget\" data-widget_type=\"text-editor.default\">\n\t\t\t\t<div class=\"elementor-widget-container\">\n\t\t\t\t\t\t\t\t\t<p><strong>Lippujen varaus\/osto ennakkoon<\/strong><\/p><p>Liput voi varata ennakkoon joko tekstiviestill\u00e4 tai WhatsApp-viestill\u00e4 numerosta 044 231 7510. Halutessaan numeroon voi my\u00f6s soittaa arkisin sek\u00e4 esitysp\u00e4ivin\u00e4 10-13 varatakseen liput. Lippuja voi varata my\u00f6s s\u00e4hk\u00f6postitse, ja varsinkin ryhm\u00e4lippuja varten laitathan aina s\u00e4hk\u00f6postia osoitteeseen info(a)toitoitoi.fi.<\/p><p><strong>Varattujen lippujen lunastus<\/strong><\/p><p>Etuk\u00e4teen varatut liput voi tulla lunastamaan esityspaikalta (Oikokatu 7, Jyv\u00e4skyl\u00e4) aikaisintaan tuntia ennen esityksen alkua. Paikan p\u00e4\u00e4ll\u00e4 liput voi maksaa k\u00e4teisell\u00e4, pankkikortilla, MobilePay:lla tai SmartumPay:lla.<\/p><p><strong>Lippujen osto paikan p\u00e4\u00e4lt\u00e4<\/strong><\/p><p>Lipunmyynti M\u00e4ki-Matin perhepuistossa aukeaa tuntia ennen esityksen alkua. Vaikka lippuja on mahdollista ostaa paikan p\u00e4\u00e4lt\u00e4, suosittelemme varaamaan paikan etuk\u00e4teen, sill\u00e4 lippuja on rajoitettu m\u00e4\u00e4r\u00e4.<\/p>\t\t\t\t\t\t\t\t<\/div>\n\t\t\t\t<\/div>\n\t\t\t\t\t<\/div>\n\t\t<\/div>\n\t\t\t\t<div class=\"elementor-column elementor-col-50 elementor-top-column elementor-element elementor-element-ed633f5\" data-id=\"ed633f5\" data-element_type=\"column\">\n\t\t\t<div class=\"elementor-widget-wrap elementor-element-populated\">\n\t\t\t\t\t\t<div class=\"elementor-element elementor-element-a9e9d85 elementor-widget elementor-widget-heading\" data-id=\"a9e9d85\" data-element_type=\"widget\" data-widget_type=\"heading.default\">\n\t\t\t\t<div class=\"elementor-widget-container\">\n\t\t\t\t\t<h2 class=\"elementor-heading-title elementor-size-default\">Varausohjeet Niittyahon tilalle<\/h2>\t\t\t\t<\/div>\n\t\t\t\t<\/div>\n\t\t\t\t<div class=\"elementor-element elementor-element-8d1480a elementor-widget elementor-widget-text-editor\" data-id=\"8d1480a\" data-element_type=\"widget\" data-widget_type=\"text-editor.default\">\n\t\t\t\t<div class=\"elementor-widget-container\">\n\t\t\t\t\t\t\t\t\t<p><strong>Lippujen osto ennakkoon<\/strong><\/p>\n<p>Liput Niittyahon esityksiin pystyy ostamaan Niittyahon omasta lippukaupasta osoitteesta <a href=\"https:\/\/www.niittyahontila.fi\/\" target=\"_blank\" rel=\"noopener\">www.niittyahontila.fi<\/a>.<\/p>\n<p><strong>Lippujen osto paikan p\u00e4\u00e4lt\u00e4<\/strong><\/p>\n<p>Lipunmyynti Niittyahon tilalle aukeaa tuntia ennen esityksen alkua, ja katsomoon p\u00e4\u00e4see 20min ennen esityst\u00e4. Suosittelemme kuitenkin ostamaan liput ennakkoon Niittyahon nettikaupasta.<\/p>\n<p>Lis\u00e4tietoja lippujen varaamisesta Niittyahon tilalle, sek\u00e4 esityspaikasta l\u00f6yd\u00e4t heid\u00e4n nettisivuiltaan <a href=\"https:\/\/www.niittyahontila.fi\/\" target=\"_blank\" rel=\"noopener\">www.niittyahontila.fi<\/a>.<\/p>\n<p><br><\/p>\t\t\t\t\t\t\t\t<\/div>\n\t\t\t\t<\/div>\n\t\t\t\t\t<\/div>\n\t\t<\/div>\n\t\t\t\t\t<\/div>\n\t\t<\/section>\n\t\t\t\t<section class=\"elementor-section elementor-top-section elementor-element elementor-element-a88bda3 elementor-section-boxed elementor-section-height-default elementor-section-height-default\" data-id=\"a88bda3\" data-element_type=\"section\">\n\t\t\t\t\t\t<div class=\"elementor-container elementor-column-gap-default\">\n\t\t\t\t\t<div class=\"elementor-column elementor-col-100 elementor-top-column elementor-element elementor-element-117e05e\" data-id=\"117e05e\" data-element_type=\"column\">\n\t\t\t<div class=\"elementor-widget-wrap elementor-element-populated\">\n\t\t\t\t\t\t<div class=\"elementor-element elementor-element-a0fd112 elementor-widget elementor-widget-heading\" data-id=\"a0fd112\" data-element_type=\"widget\" data-widget_type=\"heading.default\">\n\t\t\t\t<div class=\"elementor-widget-container\">\n\t\t\t\t\t<h2 class=\"elementor-heading-title elementor-size-default\">Lahjakortit<\/h2>\t\t\t\t<\/div>\n\t\t\t\t<\/div>\n\t\t\t\t\t<\/div>\n\t\t<\/div>\n\t\t\t\t\t<\/div>\n\t\t<\/section>\n\t\t\t\t<section class=\"elementor-section elementor-top-section elementor-element elementor-element-6cf0b58 elementor-section-boxed elementor-section-height-default elementor-section-height-default\" data-id=\"6cf0b58\" data-element_type=\"section\">\n\t\t\t\t\t\t<div class=\"elementor-container elementor-column-gap-default\">\n\t\t\t\t\t<div class=\"elementor-column elementor-col-50 elementor-top-column elementor-element elementor-element-522181d\" data-id=\"522181d\" data-element_type=\"column\">\n\t\t\t<div class=\"elementor-widget-wrap elementor-element-populated\">\n\t\t\t\t\t\t<div class=\"elementor-element elementor-element-bfde06a elementor-widget elementor-widget-text-editor\" data-id=\"bfde06a\" data-element_type=\"widget\" data-widget_type=\"text-editor.default\">\n\t\t\t\t<div class=\"elementor-widget-container\">\n\t\t\t\t\t\t\t\t\t<p>Haluaisitko antaa lastenteatteriesityksen lahjaksi? T\u00e4m\u00e4 onnistuu my\u00f6s!<\/p><p>Laita s\u00e4hk\u00f6postia osoitteeseen info(a)toitoitoi.fi, ja kysy lis\u00e4\u00e4. Lahjakorttien maksu tapahtuu laskutuksella.<\/p>\t\t\t\t\t\t\t\t<\/div>\n\t\t\t\t<\/div>\n\t\t\t\t\t<\/div>\n\t\t<\/div>\n\t\t\t\t<div class=\"elementor-column elementor-col-50 elementor-top-column elementor-element elementor-element-5b700aa\" data-id=\"5b700aa\" data-element_type=\"column\">\n\t\t\t<div class=\"elementor-widget-wrap elementor-element-populated\">\n\t\t\t\t\t\t<div class=\"elementor-element elementor-element-0aeae16 elementor-widget elementor-widget-image\" data-id=\"0aeae16\" data-element_type=\"widget\" data-widget_type=\"image.default\">\n\t\t\t\t<div class=\"elementor-widget-container\">\n\t\t\t\t\t\t\t\t\t\t\t\t\t\t\t<img fetchpriority=\"high\" decoding=\"async\" width=\"640\" height=\"355\" src=\"https:\/\/toitoitoi.fi\/wp-content\/uploads\/2024\/04\/pikkusohvi-logo_web.png\" class=\"attachment-large size-large wp-image-1297\" alt=\"\" srcset=\"https:\/\/toitoitoi.fi\/wp-content\/uploads\/2024\/04\/pikkusohvi-logo_web.png 992w, https:\/\/toitoitoi.fi\/wp-content\/uploads\/2024\/04\/pikkusohvi-logo_web-300x167.png 300w, https:\/\/toitoitoi.fi\/wp-content\/uploads\/2024\/04\/pikkusohvi-logo_web-768x427.png 768w\" sizes=\"(max-width: 640px) 100vw, 640px\" \/>\t\t\t\t\t\t\t\t\t\t\t\t\t\t\t<\/div>\n\t\t\t\t<\/div>\n\t\t\t\t\t<\/div>\n\t\t<\/div>\n\t\t\t\t\t<\/div>\n\t\t<\/section>\n\t\t\t\t<\/div>\n\t\t","protected":false},"excerpt":{"rendered":"<p>Varausohjeet M\u00e4ki-Mattiin Lippujen varaus\/osto ennakkoon Liput voi varata ennakkoon joko tekstiviestill\u00e4 tai WhatsApp-viestill\u00e4 numerosta 044 231 7510. Halutessaan numeroon voi my\u00f6s soittaa arkisin sek\u00e4 esitysp\u00e4ivin\u00e4 10-13 varatakseen liput. Lippuja voi varata my\u00f6s s\u00e4hk\u00f6postitse, ja varsinkin ryhm\u00e4lippuja varten laitathan aina s\u00e4hk\u00f6postia osoitteeseen info(a)toitoitoi.fi. Varattujen lippujen lunastus Etuk\u00e4teen varatut liput voi tulla lunastamaan esityspaikalta (Oikokatu 7, Jyv\u00e4skyl\u00e4) [&hellip;]<\/p>\n","protected":false},"author":4,"featured_media":0,"parent":0,"menu_order":0,"comment_status":"closed","ping_status":"closed","template":"","meta":{"footnotes":""},"aioseo_notices":[],"_links":{"self":[{"href":"https:\/\/toitoitoi.fi\/index.php?rest_route=\/wp\/v2\/pages\/1291"}],"collection":[{"href":"https:\/\/toitoitoi.fi\/index.php?rest_route=\/wp\/v2\/pages"}],"about":[{"href":"https:\/\/toitoitoi.fi\/index.php?rest_route=\/wp\/v2\/types\/page"}],"author":[{"embeddable":true,"href":"https:\/\/toitoitoi.fi\/index.php?rest_route=\/wp\/v2\/users\/4"}],"replies":[{"embeddable":true,"href":"https:\/\/toitoitoi.fi\/index.php?rest_route=%2Fwp%2Fv2%2Fcomments&post=1291"}],"version-history":[{"count":19,"href":"https:\/\/toitoitoi.fi\/index.php?rest_route=\/wp\/v2\/pages\/1291\/revisions"}],"predecessor-version":[{"id":1434,"href":"https:\/\/toitoitoi.fi\/index.php?rest_route=\/wp\/v2\/pages\/1291\/revisions\/1434"}],"wp:attachment":[{"href":"https:\/\/toitoitoi.fi\/index.php?rest_route=%2Fwp%2Fv2%2Fmedia&parent=1291"}],"curies":[{"name":"wp","href":"https:\/\/api.w.org\/{rel}","templated":true}]}}