{"id":1009,"date":"2022-04-08T21:05:19","date_gmt":"2022-04-08T19:05:19","guid":{"rendered":"https:\/\/toitoitoi.fi\/?page_id=1009"},"modified":"2023-05-16T13:35:18","modified_gmt":"2023-05-16T11:35:18","slug":"punahilkkarok","status":"publish","type":"page","link":"https:\/\/toitoitoi.fi\/?page_id=1009","title":{"rendered":"Hyv\u00e4\u00e4 y\u00f6t\u00e4, Herra Hakkarainen"},"content":{"rendered":"\t\t<div data-elementor-type=\"wp-page\" data-elementor-id=\"1009\" class=\"elementor elementor-1009\">\n\t\t\t\t\t\t<section class=\"elementor-section elementor-top-section elementor-element elementor-element-20b661f elementor-section-boxed elementor-section-height-default elementor-section-height-default\" data-id=\"20b661f\" data-element_type=\"section\">\n\t\t\t\t\t\t<div class=\"elementor-container elementor-column-gap-default\">\n\t\t\t\t\t<div class=\"elementor-column elementor-col-100 elementor-top-column elementor-element elementor-element-a5edf06\" data-id=\"a5edf06\" data-element_type=\"column\">\n\t\t\t<div class=\"elementor-widget-wrap elementor-element-populated\">\n\t\t\t\t\t\t<div class=\"elementor-element elementor-element-9e500cc elementor-widget elementor-widget-image\" data-id=\"9e500cc\" data-element_type=\"widget\" data-widget_type=\"image.default\">\n\t\t\t\t<div class=\"elementor-widget-container\">\n\t\t\t\t\t\t\t\t\t\t\t\t\t\t\t<img fetchpriority=\"high\" decoding=\"async\" width=\"640\" height=\"640\" src=\"https:\/\/toitoitoi.fi\/wp-content\/uploads\/2023\/03\/Herra-Hakkarainen-netti-1024x1024.png\" class=\"attachment-large size-large wp-image-1103\" alt=\"\" srcset=\"https:\/\/toitoitoi.fi\/wp-content\/uploads\/2023\/03\/Herra-Hakkarainen-netti-1024x1024.png 1024w, https:\/\/toitoitoi.fi\/wp-content\/uploads\/2023\/03\/Herra-Hakkarainen-netti-300x300.png 300w, https:\/\/toitoitoi.fi\/wp-content\/uploads\/2023\/03\/Herra-Hakkarainen-netti-150x150.png 150w, https:\/\/toitoitoi.fi\/wp-content\/uploads\/2023\/03\/Herra-Hakkarainen-netti-768x768.png 768w, https:\/\/toitoitoi.fi\/wp-content\/uploads\/2023\/03\/Herra-Hakkarainen-netti.png 1500w\" sizes=\"(max-width: 640px) 100vw, 640px\" \/>\t\t\t\t\t\t\t\t\t\t\t\t\t\t\t<\/div>\n\t\t\t\t<\/div>\n\t\t\t\t<div class=\"elementor-element elementor-element-128b748 elementor-widget elementor-widget-text-editor\" data-id=\"128b748\" data-element_type=\"widget\" data-widget_type=\"text-editor.default\">\n\t\t\t\t<div class=\"elementor-widget-container\">\n\t\t\t\t\t\t\t\t\t<h3>Hyv\u00e4\u00e4 y\u00f6t\u00e4, Herra Hakkarainen<\/h3><h2>\u00a0<\/h2><p>On Herra Hakkaraisen nukkumaanmenoaika. Kuten joka ilta, h\u00e4n k\u00e4y huolellisesti iltapesulla ja katsoo uutiset televisiosta. Sen j\u00e4lkeen h\u00e4n toivottaa hyv\u00e4\u00e4 y\u00f6t\u00e4 parhaalle yst\u00e4v\u00e4lleen, Masa Marsulle, ja k\u00e4y levolle. Paitsi, ett\u00e4 Herra Hakkarainen on kaupungin ahkerin unissak\u00e4velij\u00e4.<\/p><p>Auringon laskiessa alkaa hurjan hauska seikkailu, jonka aikana Herra Hakkarainen unissaan tapaa r\u00e4hisev\u00e4n p\u00e4rin\u00e4jengin, oikaisee Mamman sel\u00e4n, liittyy Ripulisaurusten rokkib\u00e4ndin laulajaksi ja osallistuu tanssikilpailuun vuohineiti Kreekulan parina. Masa Marsulla riitt\u00e4\u00e4 kiirett\u00e4 h\u00e4nen yritt\u00e4ess\u00e4\u00e4n pysy\u00e4 ehtiv\u00e4isen vuohiherran per\u00e4ss\u00e4. Varmaa on se, ett\u00e4 t\u00e4n\u00e4k\u00e4\u00e4n y\u00f6n\u00e4 ei nukuta.<\/p><p>Lastenteatteri Pikku-Sohvi tuo kes\u00e4ll\u00e4 2023 M\u00e4ki-Matin Perhepuiston n\u00e4ytt\u00e4m\u00f6lle Mauri Kunnaksen rakastettuun Hyv\u00e4\u00e4 y\u00f6t\u00e4, Herra Hakkarainen -kirjaan perustuvan vauhdikkaan koko perheen musiikkin\u00e4ytelm\u00e4n.<\/p><p>N\u00e4ytelm\u00e4n on kirjan pohjalta dramatisoinut Sami Rannila ja sen ohjaa teatteriohjaaja Erika Hast. Rooleissa n\u00e4hd\u00e4\u00e4n Juuso Porras, Kasperi Pullinen sek\u00e4 Tarja Matilainen.<\/p><p>Musiikin n\u00e4ytelm\u00e4\u00e4n ovat s\u00e4velt\u00e4neet Juuso Porras ja Kasperi Pullinen.<\/p><p style=\"box-sizing: border-box; overflow-wrap: break-word; margin: 0px 0px 10px; color: #7a7a7a; font-family: Roboto, sans-serif; font-size: 15px; font-style: normal; font-variant-ligatures: normal; font-variant-caps: normal; font-weight: 400; letter-spacing: normal; orphans: 2; text-align: left; text-indent: 0px; text-transform: none; white-space: normal; widows: 2; word-spacing: 0px; -webkit-text-stroke-width: 0px; background-color: #ffffff; text-decoration-thickness: initial; text-decoration-style: initial; text-decoration-color: initial;\">Voit hankkia lippusi my\u00f6s\u00a0<strong style=\"box-sizing: border-box; font-weight: bold;\"><a style=\"box-sizing: border-box; background: transparent; color: #aaaaaa; text-decoration: underline; box-shadow: none;\" href=\"tel:+358-44-231-7510\" target=\"_blank\" rel=\"noreferrer noopener\">puhelimitse<\/a><\/strong>\u00a0tai\u00a0<strong style=\"box-sizing: border-box; font-weight: bold;\"><a style=\"box-sizing: border-box; background: transparent; color: #aaaaaa; text-decoration: underline; box-shadow: none;\" href=\"https:\/\/wa.me\/358442317510?text=Hei!\" target=\"_blank\" rel=\"noreferrer noopener\">WhatsAppilla<\/a><\/strong> arkisin klo 10 -13 numerosta <strong style=\"box-sizing: border-box; font-weight: bold;\">044 231 7510<\/strong>. Lipunmyynti ovelta alkaa tuntia ennen esityst\u00e4.<\/p><p style=\"box-sizing: border-box; overflow-wrap: break-word; margin: 0px 0px 10px; color: #7a7a7a; font-family: Roboto, sans-serif; font-size: 15px; font-style: normal; font-variant-ligatures: normal; font-variant-caps: normal; font-weight: 400; letter-spacing: normal; orphans: 2; text-align: left; text-indent: 0px; text-transform: none; white-space: normal; widows: 2; word-spacing: 0px; -webkit-text-stroke-width: 0px; background-color: #ffffff; text-decoration-thickness: initial; text-decoration-style: initial; text-decoration-color: initial;\">Lippuja on myynniss\u00e4 rajallinen m\u00e4\u00e4r\u00e4, joten nappaathan omasi hyviss\u00e4 ajoin!<\/p>\t\t\t\t\t\t\t\t<\/div>\n\t\t\t\t<\/div>\n\t\t\t\t<div class=\"elementor-element elementor-element-0b26608 elementor-widget elementor-widget-image\" data-id=\"0b26608\" data-element_type=\"widget\" data-widget_type=\"image.default\">\n\t\t\t\t<div class=\"elementor-widget-container\">\n\t\t\t\t\t\t\t\t\t\t\t\t\t\t\t<img decoding=\"async\" width=\"300\" height=\"230\" src=\"https:\/\/toitoitoi.fi\/wp-content\/uploads\/2022\/03\/INFO-300x230.jpg\" class=\"attachment-medium size-medium wp-image-947\" alt=\"\" srcset=\"https:\/\/toitoitoi.fi\/wp-content\/uploads\/2022\/03\/INFO-300x230.jpg 300w, https:\/\/toitoitoi.fi\/wp-content\/uploads\/2022\/03\/INFO-1024x784.jpg 1024w, https:\/\/toitoitoi.fi\/wp-content\/uploads\/2022\/03\/INFO-768x588.jpg 768w, https:\/\/toitoitoi.fi\/wp-content\/uploads\/2022\/03\/INFO.jpg 1100w\" sizes=\"(max-width: 300px) 100vw, 300px\" \/>\t\t\t\t\t\t\t\t\t\t\t\t\t\t\t<\/div>\n\t\t\t\t<\/div>\n\t\t\t\t\t<\/div>\n\t\t<\/div>\n\t\t\t\t\t<\/div>\n\t\t<\/section>\n\t\t\t\t<\/div>\n\t\t","protected":false},"excerpt":{"rendered":"<p>Hyv\u00e4\u00e4 y\u00f6t\u00e4, Herra Hakkarainen \u00a0 On Herra Hakkaraisen nukkumaanmenoaika. Kuten joka ilta, h\u00e4n k\u00e4y huolellisesti iltapesulla ja katsoo uutiset televisiosta. Sen j\u00e4lkeen h\u00e4n toivottaa hyv\u00e4\u00e4 y\u00f6t\u00e4 parhaalle yst\u00e4v\u00e4lleen, Masa Marsulle, ja k\u00e4y levolle. Paitsi, ett\u00e4 Herra Hakkarainen on kaupungin ahkerin unissak\u00e4velij\u00e4. Auringon laskiessa alkaa hurjan hauska seikkailu, jonka aikana Herra Hakkarainen unissaan tapaa r\u00e4hisev\u00e4n p\u00e4rin\u00e4jengin, [&hellip;]<\/p>\n","protected":false},"author":1,"featured_media":0,"parent":0,"menu_order":0,"comment_status":"closed","ping_status":"closed","template":"","meta":{"footnotes":""},"aioseo_notices":[],"_links":{"self":[{"href":"https:\/\/toitoitoi.fi\/index.php?rest_route=\/wp\/v2\/pages\/1009"}],"collection":[{"href":"https:\/\/toitoitoi.fi\/index.php?rest_route=\/wp\/v2\/pages"}],"about":[{"href":"https:\/\/toitoitoi.fi\/index.php?rest_route=\/wp\/v2\/types\/page"}],"author":[{"embeddable":true,"href":"https:\/\/toitoitoi.fi\/index.php?rest_route=\/wp\/v2\/users\/1"}],"replies":[{"embeddable":true,"href":"https:\/\/toitoitoi.fi\/index.php?rest_route=%2Fwp%2Fv2%2Fcomments&post=1009"}],"version-history":[{"count":41,"href":"https:\/\/toitoitoi.fi\/index.php?rest_route=\/wp\/v2\/pages\/1009\/revisions"}],"predecessor-version":[{"id":1152,"href":"https:\/\/toitoitoi.fi\/index.php?rest_route=\/wp\/v2\/pages\/1009\/revisions\/1152"}],"wp:attachment":[{"href":"https:\/\/toitoitoi.fi\/index.php?rest_route=%2Fwp%2Fv2%2Fmedia&parent=1009"}],"curies":[{"name":"wp","href":"https:\/\/api.w.org\/{rel}","templated":true}]}}